{"id":3830,"date":"2022-09-19T16:09:22","date_gmt":"2022-09-19T14:09:22","guid":{"rendered":"https:\/\/www.aijparis.com\/?page_id=3830"},"modified":"2023-12-07T12:08:57","modified_gmt":"2023-12-07T11:08:57","slug":"ou-durma-barato-em-paris","status":"publish","type":"page","link":"https:\/\/www.aijparis.com\/pt-br\/ou-durma-barato-em-paris\/","title":{"rendered":"Ou durma barato em Paris."},"content":{"rendered":"\t\t<div data-elementor-type=\"wp-page\" data-elementor-id=\"3830\" class=\"elementor elementor-3830 elementor-3825\" data-elementor-post-type=\"page\">\n\t\t\t\t<div class=\"elementor-element elementor-element-9d2f8f5 e-con-full e-flex e-con e-parent\" data-id=\"9d2f8f5\" data-element_type=\"container\" data-e-type=\"container\" data-settings=\"{&quot;background_background&quot;:&quot;classic&quot;}\">\n\t\t<div class=\"elementor-element elementor-element-d08df3b e-con-full e-flex e-con e-child\" data-id=\"d08df3b\" data-element_type=\"container\" data-e-type=\"container\" data-settings=\"{&quot;background_background&quot;:&quot;classic&quot;}\">\n\t\t\t\t<div class=\"elementor-element elementor-element-28c5827a elementor-widget elementor-widget-text-editor\" data-id=\"28c5827a\" data-element_type=\"widget\" data-e-type=\"widget\" data-widget_type=\"text-editor.default\">\n\t\t\t\t<div class=\"elementor-widget-container\">\n\t\t\t\t\t\t\t\t\t<h1>Onde dormir barato em Paris.<\/h1>\r\nOs albergues da juventude s\u00e3o uma \u00f3tima maneira de <strong><a href=\"https:\/\/www.aijparis.com\/fr\/tarifs-auberge-jeunesse-pas-cher-paris\/\">dormir barato em Paris<\/a> <\/strong>. Eles oferecem acomoda\u00e7\u00f5es em estilo dormit\u00f3rio e um ambiente compartilhado com outros viajantes. A maioria dos viajantes gosta de hostels porque s\u00e3o econ\u00f4micos e convenientes. Muitos viajantes ficam em albergues por meses a fio quando viajam por diferentes pa\u00edses. Existem muitos <a href=\"https:\/\/www.aijparis.com\/fr\/acces-auberge-intenationale-des-jeunes-paris\/\">albergues da juventude bem localizados em Paris<\/a>, como <a href=\"https:\/\/www.aijparis.com\/fr\/\">AIJParis<\/a> e <a href=\"https:\/\/www.bastillehostel.com\/fr\/auberge-de-jeunesse-paris\/\"> Bastillehotel <\/a> que lhe permitir\u00e1 passar uma estadia inesquec\u00edvel!\r\n<h3>AijParis para uma estadia econ\u00f4mica<\/h3>\r\nA maioria dos hostels oferece quartos compartilhados a pre\u00e7os razo\u00e1veis. Os dormit\u00f3rios s\u00e3o bastante baratos, mas os quartos privados ainda s\u00e3o bastante acess\u00edveis. Aijparis oferece estadias econ\u00f4micas durante as altas temporadas tur\u00edsticas. Os albergues geralmente cobram tarifas mais baixas durante os meses de baixa temporada de outubro a maio. Isso se deve a menores taxas de ocupa\u00e7\u00e3o e menores custos de aluguel. Tamb\u00e9m \u00e9 poss\u00edvel encontrar albergues que aceitam estudantes com tarifa reduzida. Isso \u00e9 especialmente \u00fatil para viajantes mais jovens que procuram uma tarifa com desconto. Em \u00faltima an\u00e1lise, as taxas de albergue s\u00e3o muito mais baixas do que hot\u00e9is e mot\u00e9is regulares.\r\nAijParis \u00e9 uma excelente op\u00e7\u00e3o de hospedagem. A maioria dos viajantes escolhe albergues em vez de hot\u00e9is porque n\u00e3o quer pagar por m\u00f3veis e servi\u00e7os caros. Em vez disso, eles desfrutam da liberdade de ficar em dormit\u00f3rios com outros viajantes. Os albergues oferecem uma barreira de entrada baixa para novos viajantes que desejam experimentar uma cultura sem gastar dinheiro. Muitas vezes, as pessoas gostam tanto de receber novos h\u00f3spedes que n\u00e3o querem deixar os andares do hostel. Isso promove uma atmosfera de camaradagem genu\u00edna entre os clientes.\r\n<h3>Turismo social<\/h3>\r\nAlbergues tamb\u00e9m oferecem pre\u00e7os baixos para socializar com outros viajantes. Os h\u00f3spedes encontram-se todas as manh\u00e3s nas \u00e1reas comuns dos hostels para o pequeno-almo\u00e7o. Depois disso, as pessoas se re\u00fanem nos corredores para conversar ou passear por Paris. Jantar juntos incentiva os h\u00f3spedes a se conhecerem melhor, compartilhando experi\u00eancias e hist\u00f3rias de viagem. Toda essa socializa\u00e7\u00e3o permite que pessoas de todo o mundo se conectem e compartilhem interesses.\r\n\r\nSe voc\u00ea est\u00e1 procurando um lugar barato para dormir em Paris, o International Youth Hostel \u00e9 uma \u00f3tima op\u00e7\u00e3o para viajantes com or\u00e7amento limitado e visitantes de primeira viagem. Com algumas das tarifas mais baixas, &#8220;a partir de \u20ac 13 por noite&#8221;, e um ambiente amig\u00e1vel, AijParis recebe voc\u00ea com grande prazer. Nosso albergue tamb\u00e9m ajuda voc\u00ea a come\u00e7ar sua viagem, oferecendo ou direcionando voc\u00ea para f\u00e1cil acesso a destinos\/atra\u00e7\u00f5es de sua escolha. Esteja voc\u00ea visitando Paris ou outra cidade, sempre h\u00e1 um hostel dispon\u00edvel!\t\t\t\t\t\t\t\t<\/div>\n\t\t\t\t<\/div>\n\t\t\t\t<\/div>\n\t\t\t\t<\/div>\n\t\t\t\t<\/div>\n\t\t","protected":false},"excerpt":{"rendered":"<p>Onde dormir barato em Paris. Os albergues da juventude s\u00e3o uma \u00f3tima maneira de dormir barato em Paris . Eles oferecem acomoda\u00e7\u00f5es em estilo dormit\u00f3rio e um ambiente compartilhado com outros viajantes. A maioria dos viajantes gosta de hostels porque s\u00e3o econ\u00f4micos e convenientes. Muitos viajantes ficam em albergues por meses a fio quando viajam [&hellip;]<\/p>\n","protected":false},"author":1,"featured_media":0,"parent":0,"menu_order":0,"comment_status":"closed","ping_status":"closed","template":"","meta":{"footnotes":""},"class_list":["post-3830","page","type-page","status-publish","hentry"],"yoast_head":"<!-- This site is optimized with the Yoast SEO plugin v27.4 - https:\/\/yoast.com\/product\/yoast-seo-wordpress\/ -->\n<title>Ou durma barato em Paris. - AIJ Auberge Internationale des Jeunes<\/title>\n<meta name=\"description\" content=\"Os albergues da juventude s\u00e3o uma \u00f3tima maneira de dormir barato em Paris . Eles oferecem acomoda\u00e7\u00f5es em estilo dormit\u00f3rio e um ambiente\" \/>\n<meta name=\"robots\" content=\"index, follow, max-snippet:-1, max-image-preview:large, max-video-preview:-1\" \/>\n<link rel=\"canonical\" href=\"https:\/\/www.aijparis.com\/ou-dormir-pour-pas-cher-a-paris\/\" \/>\n<meta property=\"og:locale\" content=\"pt_BR\" \/>\n<meta property=\"og:type\" content=\"article\" \/>\n<meta property=\"og:title\" content=\"Ou durma barato em Paris. - AIJ Auberge Internationale des Jeunes\" \/>\n<meta property=\"og:description\" content=\"Os albergues da juventude s\u00e3o uma \u00f3tima maneira de dormir barato em Paris . Eles oferecem acomoda\u00e7\u00f5es em estilo dormit\u00f3rio e um ambiente\" \/>\n<meta property=\"og:url\" content=\"https:\/\/www.aijparis.com\/ou-dormir-pour-pas-cher-a-paris\/\" \/>\n<meta property=\"og:site_name\" content=\"AIJ Auberge Internationale des Jeunes\" \/>\n<meta property=\"article:modified_time\" content=\"2023-12-07T11:08:57+00:00\" \/>\n<meta name=\"twitter:card\" content=\"summary_large_image\" \/>\n<meta name=\"twitter:label1\" content=\"Est. tempo de leitura\" \/>\n\t<meta name=\"twitter:data1\" content=\"2 minutos\" \/>\n<script type=\"application\/ld+json\" class=\"yoast-schema-graph\">{\"@context\":\"https:\\\/\\\/schema.org\",\"@graph\":[{\"@type\":\"WebPage\",\"@id\":\"https:\\\/\\\/www.aijparis.com\\\/ou-dormir-pour-pas-cher-a-paris\\\/\",\"url\":\"https:\\\/\\\/www.aijparis.com\\\/ou-dormir-pour-pas-cher-a-paris\\\/\",\"name\":\"Ou durma barato em Paris. - AIJ Auberge Internationale des Jeunes\",\"isPartOf\":{\"@id\":\"https:\\\/\\\/www.aijparis.com\\\/#website\"},\"datePublished\":\"2022-09-19T14:09:22+00:00\",\"dateModified\":\"2023-12-07T11:08:57+00:00\",\"description\":\"Os albergues da juventude s\u00e3o uma \u00f3tima maneira de dormir barato em Paris . Eles oferecem acomoda\u00e7\u00f5es em estilo dormit\u00f3rio e um ambiente\",\"breadcrumb\":{\"@id\":\"https:\\\/\\\/www.aijparis.com\\\/ou-dormir-pour-pas-cher-a-paris\\\/#breadcrumb\"},\"inLanguage\":\"pt-BR\",\"potentialAction\":[{\"@type\":\"ReadAction\",\"target\":[\"https:\\\/\\\/www.aijparis.com\\\/ou-dormir-pour-pas-cher-a-paris\\\/\"]}]},{\"@type\":\"BreadcrumbList\",\"@id\":\"https:\\\/\\\/www.aijparis.com\\\/ou-dormir-pour-pas-cher-a-paris\\\/#breadcrumb\",\"itemListElement\":[{\"@type\":\"ListItem\",\"position\":1,\"name\":\"Accueil\",\"item\":\"https:\\\/\\\/www.aijparis.com\\\/en\\\/\"},{\"@type\":\"ListItem\",\"position\":2,\"name\":\"Ou durma barato em Paris.\"}]},{\"@type\":\"WebSite\",\"@id\":\"https:\\\/\\\/www.aijparis.com\\\/#website\",\"url\":\"https:\\\/\\\/www.aijparis.com\\\/\",\"name\":\"AIJ Auberge Internationale des Jeunes\",\"description\":\"\",\"publisher\":{\"@id\":\"https:\\\/\\\/www.aijparis.com\\\/#organization\"},\"potentialAction\":[{\"@type\":\"SearchAction\",\"target\":{\"@type\":\"EntryPoint\",\"urlTemplate\":\"https:\\\/\\\/www.aijparis.com\\\/?s={search_term_string}\"},\"query-input\":{\"@type\":\"PropertyValueSpecification\",\"valueRequired\":true,\"valueName\":\"search_term_string\"}}],\"inLanguage\":\"pt-BR\"},{\"@type\":\"Organization\",\"@id\":\"https:\\\/\\\/www.aijparis.com\\\/#organization\",\"name\":\"AIJ Auberge Internationale des Jeunes\",\"url\":\"https:\\\/\\\/www.aijparis.com\\\/\",\"logo\":{\"@type\":\"ImageObject\",\"inLanguage\":\"pt-BR\",\"@id\":\"https:\\\/\\\/www.aijparis.com\\\/#\\\/schema\\\/logo\\\/image\\\/\",\"url\":\"https:\\\/\\\/www.aijparis.com\\\/wp-content\\\/uploads\\\/2023\\\/10\\\/logo_picto.svg\",\"contentUrl\":\"https:\\\/\\\/www.aijparis.com\\\/wp-content\\\/uploads\\\/2023\\\/10\\\/logo_picto.svg\",\"width\":500,\"height\":500,\"caption\":\"AIJ Auberge Internationale des Jeunes\"},\"image\":{\"@id\":\"https:\\\/\\\/www.aijparis.com\\\/#\\\/schema\\\/logo\\\/image\\\/\"}}]}<\/script>\n<!-- \/ Yoast SEO plugin. -->","yoast_head_json":{"title":"Ou durma barato em Paris. - AIJ Auberge Internationale des Jeunes","description":"Os albergues da juventude s\u00e3o uma \u00f3tima maneira de dormir barato em Paris . Eles oferecem acomoda\u00e7\u00f5es em estilo dormit\u00f3rio e um ambiente","robots":{"index":"index","follow":"follow","max-snippet":"max-snippet:-1","max-image-preview":"max-image-preview:large","max-video-preview":"max-video-preview:-1"},"canonical":"https:\/\/www.aijparis.com\/ou-dormir-pour-pas-cher-a-paris\/","og_locale":"pt_BR","og_type":"article","og_title":"Ou durma barato em Paris. - AIJ Auberge Internationale des Jeunes","og_description":"Os albergues da juventude s\u00e3o uma \u00f3tima maneira de dormir barato em Paris . Eles oferecem acomoda\u00e7\u00f5es em estilo dormit\u00f3rio e um ambiente","og_url":"https:\/\/www.aijparis.com\/ou-dormir-pour-pas-cher-a-paris\/","og_site_name":"AIJ Auberge Internationale des Jeunes","article_modified_time":"2023-12-07T11:08:57+00:00","twitter_card":"summary_large_image","twitter_misc":{"Est. tempo de leitura":"2 minutos"},"schema":{"@context":"https:\/\/schema.org","@graph":[{"@type":"WebPage","@id":"https:\/\/www.aijparis.com\/ou-dormir-pour-pas-cher-a-paris\/","url":"https:\/\/www.aijparis.com\/ou-dormir-pour-pas-cher-a-paris\/","name":"Ou durma barato em Paris. - AIJ Auberge Internationale des Jeunes","isPartOf":{"@id":"https:\/\/www.aijparis.com\/#website"},"datePublished":"2022-09-19T14:09:22+00:00","dateModified":"2023-12-07T11:08:57+00:00","description":"Os albergues da juventude s\u00e3o uma \u00f3tima maneira de dormir barato em Paris . Eles oferecem acomoda\u00e7\u00f5es em estilo dormit\u00f3rio e um ambiente","breadcrumb":{"@id":"https:\/\/www.aijparis.com\/ou-dormir-pour-pas-cher-a-paris\/#breadcrumb"},"inLanguage":"pt-BR","potentialAction":[{"@type":"ReadAction","target":["https:\/\/www.aijparis.com\/ou-dormir-pour-pas-cher-a-paris\/"]}]},{"@type":"BreadcrumbList","@id":"https:\/\/www.aijparis.com\/ou-dormir-pour-pas-cher-a-paris\/#breadcrumb","itemListElement":[{"@type":"ListItem","position":1,"name":"Accueil","item":"https:\/\/www.aijparis.com\/en\/"},{"@type":"ListItem","position":2,"name":"Ou durma barato em Paris."}]},{"@type":"WebSite","@id":"https:\/\/www.aijparis.com\/#website","url":"https:\/\/www.aijparis.com\/","name":"AIJ Auberge Internationale des Jeunes","description":"","publisher":{"@id":"https:\/\/www.aijparis.com\/#organization"},"potentialAction":[{"@type":"SearchAction","target":{"@type":"EntryPoint","urlTemplate":"https:\/\/www.aijparis.com\/?s={search_term_string}"},"query-input":{"@type":"PropertyValueSpecification","valueRequired":true,"valueName":"search_term_string"}}],"inLanguage":"pt-BR"},{"@type":"Organization","@id":"https:\/\/www.aijparis.com\/#organization","name":"AIJ Auberge Internationale des Jeunes","url":"https:\/\/www.aijparis.com\/","logo":{"@type":"ImageObject","inLanguage":"pt-BR","@id":"https:\/\/www.aijparis.com\/#\/schema\/logo\/image\/","url":"https:\/\/www.aijparis.com\/wp-content\/uploads\/2023\/10\/logo_picto.svg","contentUrl":"https:\/\/www.aijparis.com\/wp-content\/uploads\/2023\/10\/logo_picto.svg","width":500,"height":500,"caption":"AIJ Auberge Internationale des Jeunes"},"image":{"@id":"https:\/\/www.aijparis.com\/#\/schema\/logo\/image\/"}}]}},"_links":{"self":[{"href":"https:\/\/www.aijparis.com\/pt-br\/wp-json\/wp\/v2\/pages\/3830","targetHints":{"allow":["GET"]}}],"collection":[{"href":"https:\/\/www.aijparis.com\/pt-br\/wp-json\/wp\/v2\/pages"}],"about":[{"href":"https:\/\/www.aijparis.com\/pt-br\/wp-json\/wp\/v2\/types\/page"}],"author":[{"embeddable":true,"href":"https:\/\/www.aijparis.com\/pt-br\/wp-json\/wp\/v2\/users\/1"}],"replies":[{"embeddable":true,"href":"https:\/\/www.aijparis.com\/pt-br\/wp-json\/wp\/v2\/comments?post=3830"}],"version-history":[{"count":10,"href":"https:\/\/www.aijparis.com\/pt-br\/wp-json\/wp\/v2\/pages\/3830\/revisions"}],"predecessor-version":[{"id":12473,"href":"https:\/\/www.aijparis.com\/pt-br\/wp-json\/wp\/v2\/pages\/3830\/revisions\/12473"}],"wp:attachment":[{"href":"https:\/\/www.aijparis.com\/pt-br\/wp-json\/wp\/v2\/media?parent=3830"}],"curies":[{"name":"wp","href":"https:\/\/api.w.org\/{rel}","templated":true}]}}