{"id":2042,"date":"2014-04-18T10:04:02","date_gmt":"2014-04-18T08:04:02","guid":{"rendered":"https:\/\/www.aijparis.com\/next\/?page_id=2042"},"modified":"2025-06-02T09:47:45","modified_gmt":"2025-06-02T07:47:45","slug":"guia-paris","status":"publish","type":"page","link":"https:\/\/www.aijparis.com\/pt-br\/guia-paris\/","title":{"rendered":"Guia de Paris"},"content":{"rendered":"\t\t<div data-elementor-type=\"wp-page\" data-elementor-id=\"2042\" class=\"elementor elementor-2042 elementor-1236\" data-elementor-post-type=\"page\">\n\t\t\t\t<div class=\"elementor-element elementor-element-8d99dc7 e-con-full e-flex e-con e-parent\" data-id=\"8d99dc7\" data-element_type=\"container\" data-e-type=\"container\" data-settings=\"{&quot;background_background&quot;:&quot;classic&quot;}\">\n\t\t<div class=\"elementor-element elementor-element-bccadf1 e-con-full e-flex e-con e-child\" data-id=\"bccadf1\" data-element_type=\"container\" data-e-type=\"container\">\n\t\t\t\t<div class=\"elementor-element elementor-element-ec2a8dd elementor-widget elementor-widget-heading\" data-id=\"ec2a8dd\" data-element_type=\"widget\" data-e-type=\"widget\" data-widget_type=\"heading.default\">\n\t\t\t\t<div class=\"elementor-widget-container\">\n\t\t\t\t\t<h1 class=\"elementor-heading-title elementor-size-default\">Guia Paris<\/h1>\t\t\t\t<\/div>\n\t\t\t\t<\/div>\n\t\t\t\t<div class=\"elementor-element elementor-element-e00c9a8 elementor-widget elementor-widget-heading\" data-id=\"e00c9a8\" data-element_type=\"widget\" data-e-type=\"widget\" data-widget_type=\"heading.default\">\n\t\t\t\t<div class=\"elementor-widget-container\">\n\t\t\t\t\t<h2 class=\"elementor-heading-title elementor-size-default\"><a href=\"\">Auberge de jeunesse em paris<\/a><\/h2>\t\t\t\t<\/div>\n\t\t\t\t<\/div>\n\t\t\t\t<div class=\"elementor-element elementor-element-02e91a3 elementor-widget-divider--separator-type-pattern elementor-widget-divider--view-line elementor-widget elementor-widget-divider\" data-id=\"02e91a3\" data-element_type=\"widget\" data-e-type=\"widget\" data-widget_type=\"divider.default\">\n\t\t\t\t<div class=\"elementor-widget-container\">\n\t\t\t\t\t\t\t<div class=\"elementor-divider\" style=\"--divider-pattern-url: url(&quot;data:image\/svg+xml,%3Csvg xmlns=&#039;http:\/\/www.w3.org\/2000\/svg&#039; preserveAspectRatio=&#039;none&#039; overflow=&#039;visible&#039; height=&#039;100%&#039; viewBox=&#039;0 0 20 16&#039; fill=&#039;none&#039; stroke=&#039;black&#039; stroke-width=&#039;1&#039; stroke-linecap=&#039;square&#039; stroke-miterlimit=&#039;10&#039;%3E%3Cg transform=&#039;translate(-12.000000, 0)&#039;%3E%3Cpath d=&#039;M28,0L10,18&#039;\/%3E%3Cpath d=&#039;M18,0L0,18&#039;\/%3E%3Cpath d=&#039;M48,0L30,18&#039;\/%3E%3Cpath d=&#039;M38,0L20,18&#039;\/%3E%3C\/g%3E%3C\/svg%3E&quot;);\">\n\t\t\t<span class=\"elementor-divider-separator\">\n\t\t\t\t\t\t<\/span>\n\t\t<\/div>\n\t\t\t\t\t\t<\/div>\n\t\t\t\t<\/div>\n\t\t\t\t<\/div>\n\t\t\t\t<\/div>\n\t\t<div class=\"elementor-element elementor-element-fb90873 e-con-full e-flex e-con e-parent\" data-id=\"fb90873\" data-element_type=\"container\" data-e-type=\"container\" data-settings=\"{&quot;background_background&quot;:&quot;classic&quot;}\">\n\t\t<div class=\"elementor-element elementor-element-461086d e-con-full e-flex e-con e-child\" data-id=\"461086d\" data-element_type=\"container\" data-e-type=\"container\">\n\t\t\t\t<div class=\"elementor-element elementor-element-aa3da75 elementor-widget elementor-widget-heading\" data-id=\"aa3da75\" data-element_type=\"widget\" data-e-type=\"widget\" data-widget_type=\"heading.default\">\n\t\t\t\t<div class=\"elementor-widget-container\">\n\t\t\t\t\t<h3 class=\"elementor-heading-title elementor-size-default\">Boas ofertas  <\/br>\nem Paris<\/h3>\t\t\t\t<\/div>\n\t\t\t\t<\/div>\n\t\t\t\t<div class=\"elementor-element elementor-element-b3fa66f elementor-widget elementor-widget-heading\" data-id=\"b3fa66f\" data-element_type=\"widget\" data-e-type=\"widget\" data-widget_type=\"heading.default\">\n\t\t\t\t<div class=\"elementor-widget-container\">\n\t\t\t\t\t<h4 class=\"elementor-heading-title elementor-size-default\">Bares, restaurantes, pubs, esplanadas ou <\/br>\n visitar atrac\u00e7\u00f5es tur\u00edsticas em Paris a p\u00e9<\/h4>\t\t\t\t<\/div>\n\t\t\t\t<\/div>\n\t\t\t\t<div class=\"elementor-element elementor-element-86bf8fc elementor-widget elementor-widget-text-editor\" data-id=\"86bf8fc\" data-element_type=\"widget\" data-e-type=\"widget\" data-widget_type=\"text-editor.default\">\n\t\t\t\t<div class=\"elementor-widget-container\">\n\t\t\t\t\t\t\t\t\tSeleccionamos algumas atrac\u00e7\u00f5es para si. Desfrute delas!\t\t\t\t\t\t\t\t<\/div>\n\t\t\t\t<\/div>\n\t\t\t\t<div class=\"elementor-element elementor-element-5907a2d elementor-widget elementor-widget-image\" data-id=\"5907a2d\" data-element_type=\"widget\" data-e-type=\"widget\" data-widget_type=\"image.default\">\n\t\t\t\t<div class=\"elementor-widget-container\">\n\t\t\t\t\t\t\t\t\t\t\t\t<figure class=\"wp-caption\">\n\t\t\t\t\t\t\t\t\t\t<img fetchpriority=\"high\" decoding=\"async\" width=\"800\" height=\"534\" src=\"https:\/\/www.aijparis.com\/wp-content\/uploads\/2023\/11\/visites-paris-vutheara.jpg\" class=\"attachment-large size-large wp-image-9322\" alt=\"\" srcset=\"https:\/\/www.aijparis.com\/wp-content\/uploads\/2023\/11\/visites-paris-vutheara.jpg 880w, https:\/\/www.aijparis.com\/wp-content\/uploads\/2023\/11\/visites-paris-vutheara-300x200.jpg 300w, https:\/\/www.aijparis.com\/wp-content\/uploads\/2023\/11\/visites-paris-vutheara-768x512.jpg 768w\" sizes=\"(max-width: 800px) 100vw, 800px\" \/>\t\t\t\t\t\t\t\t\t\t\t<figcaption class=\"widget-image-caption wp-caption-text\">\u00a9 Vutheara<\/figcaption>\n\t\t\t\t\t\t\t\t\t\t<\/figure>\n\t\t\t\t\t\t\t\t\t<\/div>\n\t\t\t\t<\/div>\n\t\t\t\t<\/div>\n\t\t<div class=\"elementor-element elementor-element-89086f2 e-con-full e-flex e-con e-child\" data-id=\"89086f2\" data-element_type=\"container\" data-e-type=\"container\" data-settings=\"{&quot;background_background&quot;:&quot;classic&quot;}\">\n\t\t<div class=\"elementor-element elementor-element-d12f05f e-con-full e-flex e-con e-child\" data-id=\"d12f05f\" data-element_type=\"container\" data-e-type=\"container\">\n\t\t\t\t<div class=\"elementor-element elementor-element-f350e2d elementor-icon-list--layout-traditional elementor-list-item-link-full_width elementor-widget elementor-widget-icon-list\" data-id=\"f350e2d\" data-element_type=\"widget\" data-e-type=\"widget\" data-widget_type=\"icon-list.default\">\n\t\t\t\t<div class=\"elementor-widget-container\">\n\t\t\t\t\t\t\t<ul class=\"elementor-icon-list-items\">\n\t\t\t\t\t\t\t<li class=\"elementor-icon-list-item\">\n\t\t\t\t\t\t\t\t\t\t\t<span class=\"elementor-icon-list-icon\">\n\t\t\t\t\t\t\t<svg xmlns=\"http:\/\/www.w3.org\/2000\/svg\" xmlns:xlink=\"http:\/\/www.w3.org\/1999\/xlink\" id=\"Calque_1\" x=\"0px\" y=\"0px\" viewBox=\"0 0 512 512\" style=\"enable-background:new 0 0 512 512;\" xml:space=\"preserve\"> <g> <path d=\"M498.6,404.7c-3.2,14.4-10.7,26.2-21.9,35.6c-12.1,10.2-25.8,17.7-40.4,23.7c-33.6,13.9-68.9,20.9-104.9,25.3 c-40.5,4.9-81.2,5.8-121.9,2.9c-46-3.3-91.2-10.3-134.3-27.7c-18-7.3-35-16.4-48.4-30.9c-20.7-22.4-19.9-51,1.6-72.6 c14.9-14.9,33-24.7,52.6-31.3c19.5-6.5,39.5-11.2,59.3-16.5c1.1-0.3,3.3,0.3,3.9,1.2c7.9,11.8,15.6,23.8,23.7,36.3 c-8.6,1.6-16.7,2.9-24.7,4.6c-24.5,5.3-48.6,11.8-70.6,24.4c-5.3,3-10.3,6.8-14.8,11c-5.4,5.2-5.2,9.8,0,15.3 c7.4,7.9,16.9,12.8,26.6,17.1c28.6,12.8,58.9,19.2,89.7,23.5c34.1,4.8,68.5,5.9,102.9,4.8c47-1.6,93.5-7,137.8-23.9 c11.4-4.4,22.4-10.4,32.6-17.2c12.2-8.1,11.6-15.8-0.2-24.4c-19.1-13.8-41-20.9-63.5-26.6c-12.3-3.1-24.8-5.2-37.1-7.8 c-1.2-0.3-2.4-0.6-4.1-1c8-12.3,15.7-24.2,23.6-36.1c0.6-0.9,2.4-1.5,3.4-1.3c31.1,6.3,61.7,14.3,89.4,30.5 c13,7.6,25,16.5,32.4,29.9c3.2,5.9,4.9,12.6,7.3,18.9C498.6,396.5,498.6,400.6,498.6,404.7z\"><\/path> <path d=\"M255.1,17c67.2-0.2,126.8,48.7,139.8,114c5.7,28.7,0.4,55.5-10.7,81.9c-13.1,31.2-29.7,60.6-48,88.9 c-16.7,25.8-34.2,51-51.9,76.2c-15.2,21.7-42.7,21.6-58.3,0.2c-31.6-43.6-61.8-88.2-86.3-136.3c-11.3-22-21.3-44.5-25.6-69.2 c-2.5-14.4-1.3-28.8,1.9-42.9c9.3-41.9,32.8-73.6,70-94.8C207.4,22.8,230.6,17.2,255.1,17z M314.3,156.6 c0.1-32.8-26.3-59.2-59.1-59.2c-32.6,0-58.9,26.1-59.1,58.8c-0.2,32.8,26.1,59.3,58.9,59.4C287.8,215.7,314.3,189.4,314.3,156.6z\"><\/path> <\/g> <\/svg>\t\t\t\t\t\t<\/span>\n\t\t\t\t\t\t\t\t\t\t<span class=\"elementor-icon-list-text\">Bairro da Bastilha<\/span>\n\t\t\t\t\t\t\t\t\t<\/li>\n\t\t\t\t\t\t<\/ul>\n\t\t\t\t\t\t<\/div>\n\t\t\t\t<\/div>\n\t\t\t\t<div class=\"elementor-element elementor-element-24dcb75 elementor-widget elementor-widget-text-editor\" data-id=\"24dcb75\" data-element_type=\"widget\" data-e-type=\"widget\" data-widget_type=\"text-editor.default\">\n\t\t\t\t<div class=\"elementor-widget-container\">\n\t\t\t\t\t\t\t\t\t<p>Lounges sofisticados, luzes florescentes, concertos e m\u00fasica por todo o lado. O Bairro da Bastilha \u00e9 o lugar preferido da noite acad\u00e9mica\u2026<br \/><a href=\"https:\/\/www.aijparis.com\/pt-br\/guia-paris\/bairro-da-bastilha\/\">Leia mais<\/a><\/p>\t\t\t\t\t\t\t\t<\/div>\n\t\t\t\t<\/div>\n\t\t\t\t<div class=\"elementor-element elementor-element-7d2dbaa elementor-widget-divider--view-line elementor-widget elementor-widget-divider\" data-id=\"7d2dbaa\" data-element_type=\"widget\" data-e-type=\"widget\" data-widget_type=\"divider.default\">\n\t\t\t\t<div class=\"elementor-widget-container\">\n\t\t\t\t\t\t\t<div class=\"elementor-divider\">\n\t\t\t<span class=\"elementor-divider-separator\">\n\t\t\t\t\t\t<\/span>\n\t\t<\/div>\n\t\t\t\t\t\t<\/div>\n\t\t\t\t<\/div>\n\t\t\t\t<\/div>\n\t\t<div class=\"elementor-element elementor-element-ae4990b e-con-full e-flex e-con e-child\" data-id=\"ae4990b\" data-element_type=\"container\" data-e-type=\"container\">\n\t\t\t\t<div class=\"elementor-element elementor-element-817c337 elementor-icon-list--layout-traditional elementor-list-item-link-full_width elementor-widget elementor-widget-icon-list\" data-id=\"817c337\" data-element_type=\"widget\" data-e-type=\"widget\" data-widget_type=\"icon-list.default\">\n\t\t\t\t<div class=\"elementor-widget-container\">\n\t\t\t\t\t\t\t<ul class=\"elementor-icon-list-items\">\n\t\t\t\t\t\t\t<li class=\"elementor-icon-list-item\">\n\t\t\t\t\t\t\t\t\t\t\t<span class=\"elementor-icon-list-icon\">\n\t\t\t\t\t\t\t<svg xmlns=\"http:\/\/www.w3.org\/2000\/svg\" xmlns:xlink=\"http:\/\/www.w3.org\/1999\/xlink\" id=\"Calque_1\" x=\"0px\" y=\"0px\" viewBox=\"0 0 512 512\" style=\"enable-background:new 0 0 512 512;\" xml:space=\"preserve\"> <g> <path d=\"M498.6,404.7c-3.2,14.4-10.7,26.2-21.9,35.6c-12.1,10.2-25.8,17.7-40.4,23.7c-33.6,13.9-68.9,20.9-104.9,25.3 c-40.5,4.9-81.2,5.8-121.9,2.9c-46-3.3-91.2-10.3-134.3-27.7c-18-7.3-35-16.4-48.4-30.9c-20.7-22.4-19.9-51,1.6-72.6 c14.9-14.9,33-24.7,52.6-31.3c19.5-6.5,39.5-11.2,59.3-16.5c1.1-0.3,3.3,0.3,3.9,1.2c7.9,11.8,15.6,23.8,23.7,36.3 c-8.6,1.6-16.7,2.9-24.7,4.6c-24.5,5.3-48.6,11.8-70.6,24.4c-5.3,3-10.3,6.8-14.8,11c-5.4,5.2-5.2,9.8,0,15.3 c7.4,7.9,16.9,12.8,26.6,17.1c28.6,12.8,58.9,19.2,89.7,23.5c34.1,4.8,68.5,5.9,102.9,4.8c47-1.6,93.5-7,137.8-23.9 c11.4-4.4,22.4-10.4,32.6-17.2c12.2-8.1,11.6-15.8-0.2-24.4c-19.1-13.8-41-20.9-63.5-26.6c-12.3-3.1-24.8-5.2-37.1-7.8 c-1.2-0.3-2.4-0.6-4.1-1c8-12.3,15.7-24.2,23.6-36.1c0.6-0.9,2.4-1.5,3.4-1.3c31.1,6.3,61.7,14.3,89.4,30.5 c13,7.6,25,16.5,32.4,29.9c3.2,5.9,4.9,12.6,7.3,18.9C498.6,396.5,498.6,400.6,498.6,404.7z\"><\/path> <path d=\"M255.1,17c67.2-0.2,126.8,48.7,139.8,114c5.7,28.7,0.4,55.5-10.7,81.9c-13.1,31.2-29.7,60.6-48,88.9 c-16.7,25.8-34.2,51-51.9,76.2c-15.2,21.7-42.7,21.6-58.3,0.2c-31.6-43.6-61.8-88.2-86.3-136.3c-11.3-22-21.3-44.5-25.6-69.2 c-2.5-14.4-1.3-28.8,1.9-42.9c9.3-41.9,32.8-73.6,70-94.8C207.4,22.8,230.6,17.2,255.1,17z M314.3,156.6 c0.1-32.8-26.3-59.2-59.1-59.2c-32.6,0-58.9,26.1-59.1,58.8c-0.2,32.8,26.1,59.3,58.9,59.4C287.8,215.7,314.3,189.4,314.3,156.6z\"><\/path> <\/g> <\/svg>\t\t\t\t\t\t<\/span>\n\t\t\t\t\t\t\t\t\t\t<span class=\"elementor-icon-list-text\">Bairro Marais<\/span>\n\t\t\t\t\t\t\t\t\t<\/li>\n\t\t\t\t\t\t<\/ul>\n\t\t\t\t\t\t<\/div>\n\t\t\t\t<\/div>\n\t\t\t\t<div class=\"elementor-element elementor-element-788be21 elementor-widget elementor-widget-text-editor\" data-id=\"788be21\" data-element_type=\"widget\" data-e-type=\"widget\" data-widget_type=\"text-editor.default\">\n\t\t\t\t<div class=\"elementor-widget-container\">\n\t\t\t\t\t\t\t\t\t<p>Onde a comunidade gay estabeleceu o seu quartel general! Onde se vem para estudar, para saborear um falafel ou para encontrar uma \u201cj\u00f3ia rara\u201d numa loja de artigos em 2\u00aa m\u00e3o.<br \/><a href=\"https:\/\/www.aijparis.com\/pt-br\/guia-paris\/bairro-marais\/\">Leia mais &gt;<\/a><\/p>\t\t\t\t\t\t\t\t<\/div>\n\t\t\t\t<\/div>\n\t\t\t\t<div class=\"elementor-element elementor-element-3c2a71d elementor-widget-divider--view-line elementor-widget elementor-widget-divider\" data-id=\"3c2a71d\" data-element_type=\"widget\" data-e-type=\"widget\" data-widget_type=\"divider.default\">\n\t\t\t\t<div class=\"elementor-widget-container\">\n\t\t\t\t\t\t\t<div class=\"elementor-divider\">\n\t\t\t<span class=\"elementor-divider-separator\">\n\t\t\t\t\t\t<\/span>\n\t\t<\/div>\n\t\t\t\t\t\t<\/div>\n\t\t\t\t<\/div>\n\t\t\t\t<\/div>\n\t\t<div class=\"elementor-element elementor-element-d3d297e e-con-full e-flex e-con e-child\" data-id=\"d3d297e\" data-element_type=\"container\" data-e-type=\"container\">\n\t\t\t\t<div class=\"elementor-element elementor-element-46342af elementor-icon-list--layout-traditional elementor-list-item-link-full_width elementor-widget elementor-widget-icon-list\" data-id=\"46342af\" data-element_type=\"widget\" data-e-type=\"widget\" data-widget_type=\"icon-list.default\">\n\t\t\t\t<div class=\"elementor-widget-container\">\n\t\t\t\t\t\t\t<ul class=\"elementor-icon-list-items\">\n\t\t\t\t\t\t\t<li class=\"elementor-icon-list-item\">\n\t\t\t\t\t\t\t\t\t\t\t<span class=\"elementor-icon-list-icon\">\n\t\t\t\t\t\t\t<svg xmlns=\"http:\/\/www.w3.org\/2000\/svg\" xmlns:xlink=\"http:\/\/www.w3.org\/1999\/xlink\" id=\"Calque_1\" x=\"0px\" y=\"0px\" viewBox=\"0 0 512 512\" style=\"enable-background:new 0 0 512 512;\" xml:space=\"preserve\"> <g> <path d=\"M498.6,404.7c-3.2,14.4-10.7,26.2-21.9,35.6c-12.1,10.2-25.8,17.7-40.4,23.7c-33.6,13.9-68.9,20.9-104.9,25.3 c-40.5,4.9-81.2,5.8-121.9,2.9c-46-3.3-91.2-10.3-134.3-27.7c-18-7.3-35-16.4-48.4-30.9c-20.7-22.4-19.9-51,1.6-72.6 c14.9-14.9,33-24.7,52.6-31.3c19.5-6.5,39.5-11.2,59.3-16.5c1.1-0.3,3.3,0.3,3.9,1.2c7.9,11.8,15.6,23.8,23.7,36.3 c-8.6,1.6-16.7,2.9-24.7,4.6c-24.5,5.3-48.6,11.8-70.6,24.4c-5.3,3-10.3,6.8-14.8,11c-5.4,5.2-5.2,9.8,0,15.3 c7.4,7.9,16.9,12.8,26.6,17.1c28.6,12.8,58.9,19.2,89.7,23.5c34.1,4.8,68.5,5.9,102.9,4.8c47-1.6,93.5-7,137.8-23.9 c11.4-4.4,22.4-10.4,32.6-17.2c12.2-8.1,11.6-15.8-0.2-24.4c-19.1-13.8-41-20.9-63.5-26.6c-12.3-3.1-24.8-5.2-37.1-7.8 c-1.2-0.3-2.4-0.6-4.1-1c8-12.3,15.7-24.2,23.6-36.1c0.6-0.9,2.4-1.5,3.4-1.3c31.1,6.3,61.7,14.3,89.4,30.5 c13,7.6,25,16.5,32.4,29.9c3.2,5.9,4.9,12.6,7.3,18.9C498.6,396.5,498.6,400.6,498.6,404.7z\"><\/path> <path d=\"M255.1,17c67.2-0.2,126.8,48.7,139.8,114c5.7,28.7,0.4,55.5-10.7,81.9c-13.1,31.2-29.7,60.6-48,88.9 c-16.7,25.8-34.2,51-51.9,76.2c-15.2,21.7-42.7,21.6-58.3,0.2c-31.6-43.6-61.8-88.2-86.3-136.3c-11.3-22-21.3-44.5-25.6-69.2 c-2.5-14.4-1.3-28.8,1.9-42.9c9.3-41.9,32.8-73.6,70-94.8C207.4,22.8,230.6,17.2,255.1,17z M314.3,156.6 c0.1-32.8-26.3-59.2-59.1-59.2c-32.6,0-58.9,26.1-59.1,58.8c-0.2,32.8,26.1,59.3,58.9,59.4C287.8,215.7,314.3,189.4,314.3,156.6z\"><\/path> <\/g> <\/svg>\t\t\t\t\t\t<\/span>\n\t\t\t\t\t\t\t\t\t\t<span class=\"elementor-icon-list-text\">Bairro Latino<\/span>\n\t\t\t\t\t\t\t\t\t<\/li>\n\t\t\t\t\t\t<\/ul>\n\t\t\t\t\t\t<\/div>\n\t\t\t\t<\/div>\n\t\t\t\t<div class=\"elementor-element elementor-element-296b6b4 elementor-widget elementor-widget-text-editor\" data-id=\"296b6b4\" data-element_type=\"widget\" data-e-type=\"widget\" data-widget_type=\"text-editor.default\">\n\t\t\t\t<div class=\"elementor-widget-container\">\n\t\t\t\t\t\t\t\t\t<p>Bem-vindo ao centro hist\u00f3rico da vida universit\u00e1ria! Faculdades, escolas preparat\u00f3rias, centros de pesquisa, biblioteca\u2026<br \/><a href=\"https:\/\/www.aijparis.com\/pt-br\/guia-paris\/bairro-latino-paris\">Leia mais &gt;<\/a><\/p>\t\t\t\t\t\t\t\t<\/div>\n\t\t\t\t<\/div>\n\t\t\t\t<div class=\"elementor-element elementor-element-4af5366 elementor-widget-divider--view-line elementor-widget elementor-widget-divider\" data-id=\"4af5366\" data-element_type=\"widget\" data-e-type=\"widget\" data-widget_type=\"divider.default\">\n\t\t\t\t<div class=\"elementor-widget-container\">\n\t\t\t\t\t\t\t<div class=\"elementor-divider\">\n\t\t\t<span class=\"elementor-divider-separator\">\n\t\t\t\t\t\t<\/span>\n\t\t<\/div>\n\t\t\t\t\t\t<\/div>\n\t\t\t\t<\/div>\n\t\t\t\t<\/div>\n\t\t\t\t<\/div>\n\t\t\t\t<\/div>\n\t\t\t\t<\/div>\n\t\t","protected":false},"excerpt":{"rendered":"<p>Guia Paris Auberge de jeunesse em paris Boas ofertas em Paris Bares, restaurantes, pubs, esplanadas ou visitar atrac\u00e7\u00f5es tur\u00edsticas em Paris a p\u00e9 Seleccionamos algumas atrac\u00e7\u00f5es para si. Desfrute delas! \u00a9 Vutheara Bairro da Bastilha Lounges sofisticados, luzes florescentes, concertos e m\u00fasica por todo o lado. O Bairro da Bastilha \u00e9 o lugar preferido da [&hellip;]<\/p>\n","protected":false},"author":1,"featured_media":0,"parent":0,"menu_order":0,"comment_status":"closed","ping_status":"closed","template":"","meta":{"footnotes":""},"class_list":["post-2042","page","type-page","status-publish","hentry"],"yoast_head":"<!-- This site is optimized with the Yoast SEO plugin v27.4 - https:\/\/yoast.com\/product\/yoast-seo-wordpress\/ -->\n<title>Guia de Paris - AIJ Auberge Internationale des Jeunes<\/title>\n<meta name=\"robots\" content=\"index, follow, max-snippet:-1, max-image-preview:large, max-video-preview:-1\" \/>\n<link rel=\"canonical\" href=\"https:\/\/www.aijparis.com\/guide-paris\/\" \/>\n<meta property=\"og:locale\" content=\"pt_BR\" \/>\n<meta property=\"og:type\" content=\"article\" \/>\n<meta property=\"og:title\" content=\"Guia de Paris - AIJ Auberge Internationale des Jeunes\" \/>\n<meta property=\"og:description\" content=\"Guia Paris Auberge de jeunesse em paris Boas ofertas em Paris Bares, restaurantes, pubs, esplanadas ou visitar atrac\u00e7\u00f5es tur\u00edsticas em Paris a p\u00e9 Seleccionamos algumas atrac\u00e7\u00f5es para si. Desfrute delas! \u00a9 Vutheara Bairro da Bastilha Lounges sofisticados, luzes florescentes, concertos e m\u00fasica por todo o lado. O Bairro da Bastilha \u00e9 o lugar preferido da [&hellip;]\" \/>\n<meta property=\"og:url\" content=\"https:\/\/www.aijparis.com\/guide-paris\/\" \/>\n<meta property=\"og:site_name\" content=\"AIJ Auberge Internationale des Jeunes\" \/>\n<meta property=\"article:modified_time\" content=\"2025-06-02T07:47:45+00:00\" \/>\n<meta property=\"og:image\" content=\"https:\/\/www.aijparis.com\/wp-content\/uploads\/2023\/11\/visites-paris-vutheara.jpg\" \/>\n\t<meta property=\"og:image:width\" content=\"880\" \/>\n\t<meta property=\"og:image:height\" content=\"587\" \/>\n\t<meta property=\"og:image:type\" content=\"image\/jpeg\" \/>\n<meta name=\"twitter:card\" content=\"summary_large_image\" \/>\n<meta name=\"twitter:label1\" content=\"Est. tempo de leitura\" \/>\n\t<meta name=\"twitter:data1\" content=\"1 minuto\" \/>\n<script type=\"application\/ld+json\" class=\"yoast-schema-graph\">{\"@context\":\"https:\\\/\\\/schema.org\",\"@graph\":[{\"@type\":\"WebPage\",\"@id\":\"https:\\\/\\\/www.aijparis.com\\\/guide-paris\\\/\",\"url\":\"https:\\\/\\\/www.aijparis.com\\\/guide-paris\\\/\",\"name\":\"Guia de Paris - AIJ Auberge Internationale des Jeunes\",\"isPartOf\":{\"@id\":\"https:\\\/\\\/www.aijparis.com\\\/#website\"},\"primaryImageOfPage\":{\"@id\":\"https:\\\/\\\/www.aijparis.com\\\/guide-paris\\\/#primaryimage\"},\"image\":{\"@id\":\"https:\\\/\\\/www.aijparis.com\\\/guide-paris\\\/#primaryimage\"},\"thumbnailUrl\":\"https:\\\/\\\/www.aijparis.com\\\/wp-content\\\/uploads\\\/2023\\\/11\\\/visites-paris-vutheara.jpg\",\"datePublished\":\"2014-04-18T08:04:02+00:00\",\"dateModified\":\"2025-06-02T07:47:45+00:00\",\"breadcrumb\":{\"@id\":\"https:\\\/\\\/www.aijparis.com\\\/guide-paris\\\/#breadcrumb\"},\"inLanguage\":\"pt-BR\",\"potentialAction\":[{\"@type\":\"ReadAction\",\"target\":[\"https:\\\/\\\/www.aijparis.com\\\/guide-paris\\\/\"]}]},{\"@type\":\"ImageObject\",\"inLanguage\":\"pt-BR\",\"@id\":\"https:\\\/\\\/www.aijparis.com\\\/guide-paris\\\/#primaryimage\",\"url\":\"https:\\\/\\\/www.aijparis.com\\\/wp-content\\\/uploads\\\/2023\\\/11\\\/visites-paris-vutheara.jpg\",\"contentUrl\":\"https:\\\/\\\/www.aijparis.com\\\/wp-content\\\/uploads\\\/2023\\\/11\\\/visites-paris-vutheara.jpg\"},{\"@type\":\"BreadcrumbList\",\"@id\":\"https:\\\/\\\/www.aijparis.com\\\/guide-paris\\\/#breadcrumb\",\"itemListElement\":[{\"@type\":\"ListItem\",\"position\":1,\"name\":\"Accueil\",\"item\":\"https:\\\/\\\/www.aijparis.com\\\/en\\\/\"},{\"@type\":\"ListItem\",\"position\":2,\"name\":\"Guia de Paris\"}]},{\"@type\":\"WebSite\",\"@id\":\"https:\\\/\\\/www.aijparis.com\\\/#website\",\"url\":\"https:\\\/\\\/www.aijparis.com\\\/\",\"name\":\"AIJ Auberge Internationale des Jeunes\",\"description\":\"\",\"publisher\":{\"@id\":\"https:\\\/\\\/www.aijparis.com\\\/#organization\"},\"potentialAction\":[{\"@type\":\"SearchAction\",\"target\":{\"@type\":\"EntryPoint\",\"urlTemplate\":\"https:\\\/\\\/www.aijparis.com\\\/?s={search_term_string}\"},\"query-input\":{\"@type\":\"PropertyValueSpecification\",\"valueRequired\":true,\"valueName\":\"search_term_string\"}}],\"inLanguage\":\"pt-BR\"},{\"@type\":\"Organization\",\"@id\":\"https:\\\/\\\/www.aijparis.com\\\/#organization\",\"name\":\"AIJ Auberge Internationale des Jeunes\",\"url\":\"https:\\\/\\\/www.aijparis.com\\\/\",\"logo\":{\"@type\":\"ImageObject\",\"inLanguage\":\"pt-BR\",\"@id\":\"https:\\\/\\\/www.aijparis.com\\\/#\\\/schema\\\/logo\\\/image\\\/\",\"url\":\"https:\\\/\\\/www.aijparis.com\\\/wp-content\\\/uploads\\\/2023\\\/10\\\/logo_picto.svg\",\"contentUrl\":\"https:\\\/\\\/www.aijparis.com\\\/wp-content\\\/uploads\\\/2023\\\/10\\\/logo_picto.svg\",\"width\":500,\"height\":500,\"caption\":\"AIJ Auberge Internationale des Jeunes\"},\"image\":{\"@id\":\"https:\\\/\\\/www.aijparis.com\\\/#\\\/schema\\\/logo\\\/image\\\/\"}}]}<\/script>\n<!-- \/ Yoast SEO plugin. -->","yoast_head_json":{"title":"Guia de Paris - AIJ Auberge Internationale des Jeunes","robots":{"index":"index","follow":"follow","max-snippet":"max-snippet:-1","max-image-preview":"max-image-preview:large","max-video-preview":"max-video-preview:-1"},"canonical":"https:\/\/www.aijparis.com\/guide-paris\/","og_locale":"pt_BR","og_type":"article","og_title":"Guia de Paris - AIJ Auberge Internationale des Jeunes","og_description":"Guia Paris Auberge de jeunesse em paris Boas ofertas em Paris Bares, restaurantes, pubs, esplanadas ou visitar atrac\u00e7\u00f5es tur\u00edsticas em Paris a p\u00e9 Seleccionamos algumas atrac\u00e7\u00f5es para si. Desfrute delas! \u00a9 Vutheara Bairro da Bastilha Lounges sofisticados, luzes florescentes, concertos e m\u00fasica por todo o lado. O Bairro da Bastilha \u00e9 o lugar preferido da [&hellip;]","og_url":"https:\/\/www.aijparis.com\/guide-paris\/","og_site_name":"AIJ Auberge Internationale des Jeunes","article_modified_time":"2025-06-02T07:47:45+00:00","og_image":[{"width":880,"height":587,"url":"https:\/\/www.aijparis.com\/wp-content\/uploads\/2023\/11\/visites-paris-vutheara.jpg","type":"image\/jpeg"}],"twitter_card":"summary_large_image","twitter_misc":{"Est. tempo de leitura":"1 minuto"},"schema":{"@context":"https:\/\/schema.org","@graph":[{"@type":"WebPage","@id":"https:\/\/www.aijparis.com\/guide-paris\/","url":"https:\/\/www.aijparis.com\/guide-paris\/","name":"Guia de Paris - AIJ Auberge Internationale des Jeunes","isPartOf":{"@id":"https:\/\/www.aijparis.com\/#website"},"primaryImageOfPage":{"@id":"https:\/\/www.aijparis.com\/guide-paris\/#primaryimage"},"image":{"@id":"https:\/\/www.aijparis.com\/guide-paris\/#primaryimage"},"thumbnailUrl":"https:\/\/www.aijparis.com\/wp-content\/uploads\/2023\/11\/visites-paris-vutheara.jpg","datePublished":"2014-04-18T08:04:02+00:00","dateModified":"2025-06-02T07:47:45+00:00","breadcrumb":{"@id":"https:\/\/www.aijparis.com\/guide-paris\/#breadcrumb"},"inLanguage":"pt-BR","potentialAction":[{"@type":"ReadAction","target":["https:\/\/www.aijparis.com\/guide-paris\/"]}]},{"@type":"ImageObject","inLanguage":"pt-BR","@id":"https:\/\/www.aijparis.com\/guide-paris\/#primaryimage","url":"https:\/\/www.aijparis.com\/wp-content\/uploads\/2023\/11\/visites-paris-vutheara.jpg","contentUrl":"https:\/\/www.aijparis.com\/wp-content\/uploads\/2023\/11\/visites-paris-vutheara.jpg"},{"@type":"BreadcrumbList","@id":"https:\/\/www.aijparis.com\/guide-paris\/#breadcrumb","itemListElement":[{"@type":"ListItem","position":1,"name":"Accueil","item":"https:\/\/www.aijparis.com\/en\/"},{"@type":"ListItem","position":2,"name":"Guia de Paris"}]},{"@type":"WebSite","@id":"https:\/\/www.aijparis.com\/#website","url":"https:\/\/www.aijparis.com\/","name":"AIJ Auberge Internationale des Jeunes","description":"","publisher":{"@id":"https:\/\/www.aijparis.com\/#organization"},"potentialAction":[{"@type":"SearchAction","target":{"@type":"EntryPoint","urlTemplate":"https:\/\/www.aijparis.com\/?s={search_term_string}"},"query-input":{"@type":"PropertyValueSpecification","valueRequired":true,"valueName":"search_term_string"}}],"inLanguage":"pt-BR"},{"@type":"Organization","@id":"https:\/\/www.aijparis.com\/#organization","name":"AIJ Auberge Internationale des Jeunes","url":"https:\/\/www.aijparis.com\/","logo":{"@type":"ImageObject","inLanguage":"pt-BR","@id":"https:\/\/www.aijparis.com\/#\/schema\/logo\/image\/","url":"https:\/\/www.aijparis.com\/wp-content\/uploads\/2023\/10\/logo_picto.svg","contentUrl":"https:\/\/www.aijparis.com\/wp-content\/uploads\/2023\/10\/logo_picto.svg","width":500,"height":500,"caption":"AIJ Auberge Internationale des Jeunes"},"image":{"@id":"https:\/\/www.aijparis.com\/#\/schema\/logo\/image\/"}}]}},"_links":{"self":[{"href":"https:\/\/www.aijparis.com\/pt-br\/wp-json\/wp\/v2\/pages\/2042","targetHints":{"allow":["GET"]}}],"collection":[{"href":"https:\/\/www.aijparis.com\/pt-br\/wp-json\/wp\/v2\/pages"}],"about":[{"href":"https:\/\/www.aijparis.com\/pt-br\/wp-json\/wp\/v2\/types\/page"}],"author":[{"embeddable":true,"href":"https:\/\/www.aijparis.com\/pt-br\/wp-json\/wp\/v2\/users\/1"}],"replies":[{"embeddable":true,"href":"https:\/\/www.aijparis.com\/pt-br\/wp-json\/wp\/v2\/comments?post=2042"}],"version-history":[{"count":46,"href":"https:\/\/www.aijparis.com\/pt-br\/wp-json\/wp\/v2\/pages\/2042\/revisions"}],"predecessor-version":[{"id":13116,"href":"https:\/\/www.aijparis.com\/pt-br\/wp-json\/wp\/v2\/pages\/2042\/revisions\/13116"}],"wp:attachment":[{"href":"https:\/\/www.aijparis.com\/pt-br\/wp-json\/wp\/v2\/media?parent=2042"}],"curies":[{"name":"wp","href":"https:\/\/api.w.org\/{rel}","templated":true}]}}