{"id":3827,"date":"2022-09-19T16:09:22","date_gmt":"2022-09-19T14:09:22","guid":{"rendered":"https:\/\/www.aijparis.com\/?page_id=3827"},"modified":"2023-12-07T11:27:21","modified_gmt":"2023-12-07T10:27:21","slug":"dove-dormire-a-buon-mercato-a-parigi","status":"publish","type":"page","link":"https:\/\/www.aijparis.com\/it\/dove-dormire-a-buon-mercato-a-parigi\/","title":{"rendered":"Dove dormire a buon mercato a Parigi"},"content":{"rendered":"\t\t<div data-elementor-type=\"wp-page\" data-elementor-id=\"3827\" class=\"elementor elementor-3827 elementor-3825\" data-elementor-post-type=\"page\">\n\t\t\t\t<div class=\"elementor-element elementor-element-b7063be e-con-full e-flex e-con e-parent\" data-id=\"b7063be\" data-element_type=\"container\" data-e-type=\"container\" data-settings=\"{&quot;background_background&quot;:&quot;classic&quot;}\">\n\t\t<div class=\"elementor-element elementor-element-c458a40 e-con-full e-flex e-con e-child\" data-id=\"c458a40\" data-element_type=\"container\" data-e-type=\"container\" data-settings=\"{&quot;background_background&quot;:&quot;classic&quot;}\">\n\t\t\t\t<div class=\"elementor-element elementor-element-7a4b6832 elementor-widget elementor-widget-text-editor\" data-id=\"7a4b6832\" data-element_type=\"widget\" data-e-type=\"widget\" data-widget_type=\"text-editor.default\">\n\t\t\t\t<div class=\"elementor-widget-container\">\n\t\t\t\t\t\t\t\t\t<h1>Dove dormire a buon mercato a Parigi.<\/h1>\r\nGli ostelli della giovent\u00f9 sono un ottimo modo per <strong><a href=\"https:\/\/www.aijparis.com\/fr\/tarifs-auberge-jeunesse-pas-cher-paris\/\">dormire a buon mercato a Parigi <\/a><\/strong>. Offrono sistemazioni in stile dormitorio e un ambiente condiviso con altri viaggiatori. Alla maggior parte dei viaggiatori piacciono gli ostelli perch\u00e9 sono economici e convenienti. Molti viaggiatori soggiornano in ostelli per mesi quando viaggiano attraverso paesi diversi. Ci sono molti <a href=\"https:\/\/www.aijparis.com\/fr\/acces-auberge-intenationale-des-jeunes-paris\/\">ostelli della giovent\u00f9 in una buona posizione a Parigi<\/a> come <a href=\"https:\/\/www.aijparis.com\/fr\/\">AIJParis<\/a> e <a href=\"https:\/\/www.bastillehostel.com\/fr\/auberge-de-jeunesse-paris\/\"> Bastillehotel <\/a> che ti permetter\u00e0 di trascorrere un soggiorno indimenticabile!\r\n<h3>AijParis per un soggiorno economico<\/h3>\r\nLa maggior parte degli ostelli offre camere condivise a prezzi ragionevoli. I dormitori sono abbastanza economici, ma le stanze private sono ancora abbastanza convenienti. Aijparis ti offre soggiorni economici durante l&#8217;alta stagione turistica. Gli ostelli generalmente applicano tariffe pi\u00f9 basse durante i mesi non di punta da ottobre a maggio. Ci\u00f2 \u00e8 dovuto ai tassi di occupazione pi\u00f9 bassi e ai minori costi di affitto. \u00c8 inoltre possibile trovare ostelli che accettano studenti a tariffa ridotta. Ci\u00f2 \u00e8 particolarmente utile per i viaggiatori pi\u00f9 giovani che cercano una tariffa scontata. In definitiva, le tariffe degli ostelli sono molto pi\u00f9 basse rispetto ai normali hotel e motel.\r\nAijParis sono un&#8217;eccellente opzione di alloggio. La maggior parte dei viaggiatori sceglie gli ostelli rispetto agli hotel perch\u00e9 non vogliono pagare per mobili e servizi costosi. Invece, godono della libert\u00e0 di stare in dormitori con altri viaggiatori. Gli ostelli offrono una bassa barriera all&#8217;ingresso per i nuovi viaggiatori che vogliono vivere una cultura senza spendere soldi. Spesso, alle persone piace cos\u00ec tanto ospitare nuovi ospiti che non vogliono lasciare i piani dell&#8217;ostello. Ci\u00f2 favorisce un&#8217;atmosfera di genuino cameratismo tra i clienti.\r\n<h3>Turismo sociale<\/h3>\r\nGli ostelli offrono anche prezzi bassi per socializzare con altri viaggiatori. Gli ospiti si incontrano ogni mattina nelle aree comuni degli ostelli per la colazione. Dopodich\u00e9, le persone si riuniscono nei corridoi per chiacchierare o passeggiare per Parigi. Cenare insieme incoraggia gli ospiti a conoscersi meglio condividendo esperienze e storie di viaggio. Tutta questa socializzazione consente alle persone di tutto il mondo di connettersi e condividere interessi.\r\n\r\nSe stai cercando un posto economico dove dormire a Parigi, l&#8217;International Youth Hostel \u00e8 un&#8217;ottima opzione per viaggiatori in economia e visitatori per la prima volta. Con alcune delle tariffe pi\u00f9 basse, &#8220;da \u20ac 13 a notte&#8221;, e un ambiente amichevole, AijParis ti accoglie con grande piacere. Il nostro ostello ti aiuta anche a iniziare il tuo viaggio offrendoti o indirizzandoti verso un facile accesso a destinazioni\/attrazioni di tua scelta. Che tu stia visitando Parigi o un&#8217;altra citt\u00e0, c&#8217;\u00e8 sempre un ostello disponibile!\t\t\t\t\t\t\t\t<\/div>\n\t\t\t\t<\/div>\n\t\t\t\t<\/div>\n\t\t\t\t<\/div>\n\t\t\t\t<\/div>\n\t\t","protected":false},"excerpt":{"rendered":"<p>Dove dormire a buon mercato a Parigi. Gli ostelli della giovent\u00f9 sono un ottimo modo per dormire a buon mercato a Parigi . Offrono sistemazioni in stile dormitorio e un ambiente condiviso con altri viaggiatori. Alla maggior parte dei viaggiatori piacciono gli ostelli perch\u00e9 sono economici e convenienti. Molti viaggiatori soggiornano in ostelli per mesi [&hellip;]<\/p>\n","protected":false},"author":1,"featured_media":0,"parent":0,"menu_order":0,"comment_status":"closed","ping_status":"closed","template":"","meta":{"footnotes":""},"class_list":["post-3827","page","type-page","status-publish","hentry"],"yoast_head":"<!-- This site is optimized with the Yoast SEO plugin v27.4 - https:\/\/yoast.com\/product\/yoast-seo-wordpress\/ -->\n<title>Dove dormire a buon mercato a Parigi - AIJ Auberge Internationale des Jeunes<\/title>\n<meta name=\"description\" content=\"Gli ostelli della giovent\u00f9 sono un ottimo modo per dormire a buon mercato a Parigi . Offrono sistemazioni in stile dormitorio e un ambiente...\" \/>\n<meta name=\"robots\" content=\"index, follow, max-snippet:-1, max-image-preview:large, max-video-preview:-1\" \/>\n<link rel=\"canonical\" href=\"https:\/\/www.aijparis.com\/ou-dormir-pour-pas-cher-a-paris\/\" \/>\n<meta property=\"og:locale\" content=\"it_IT\" \/>\n<meta property=\"og:type\" content=\"article\" \/>\n<meta property=\"og:title\" content=\"Dove dormire a buon mercato a Parigi - AIJ Auberge Internationale des Jeunes\" \/>\n<meta property=\"og:description\" content=\"Gli ostelli della giovent\u00f9 sono un ottimo modo per dormire a buon mercato a Parigi . Offrono sistemazioni in stile dormitorio e un ambiente...\" \/>\n<meta property=\"og:url\" content=\"https:\/\/www.aijparis.com\/ou-dormir-pour-pas-cher-a-paris\/\" \/>\n<meta property=\"og:site_name\" content=\"AIJ Auberge Internationale des Jeunes\" \/>\n<meta property=\"article:modified_time\" content=\"2023-12-07T10:27:21+00:00\" \/>\n<meta name=\"twitter:card\" content=\"summary_large_image\" \/>\n<meta name=\"twitter:label1\" content=\"Tempo di lettura stimato\" \/>\n\t<meta name=\"twitter:data1\" content=\"2 minuti\" \/>\n<script type=\"application\/ld+json\" class=\"yoast-schema-graph\">{\"@context\":\"https:\\\/\\\/schema.org\",\"@graph\":[{\"@type\":\"WebPage\",\"@id\":\"https:\\\/\\\/www.aijparis.com\\\/ou-dormir-pour-pas-cher-a-paris\\\/\",\"url\":\"https:\\\/\\\/www.aijparis.com\\\/ou-dormir-pour-pas-cher-a-paris\\\/\",\"name\":\"Dove dormire a buon mercato a Parigi - AIJ Auberge Internationale des Jeunes\",\"isPartOf\":{\"@id\":\"https:\\\/\\\/www.aijparis.com\\\/#website\"},\"datePublished\":\"2022-09-19T14:09:22+00:00\",\"dateModified\":\"2023-12-07T10:27:21+00:00\",\"description\":\"Gli ostelli della giovent\u00f9 sono un ottimo modo per dormire a buon mercato a Parigi . Offrono sistemazioni in stile dormitorio e un ambiente...\",\"breadcrumb\":{\"@id\":\"https:\\\/\\\/www.aijparis.com\\\/ou-dormir-pour-pas-cher-a-paris\\\/#breadcrumb\"},\"inLanguage\":\"it-IT\",\"potentialAction\":[{\"@type\":\"ReadAction\",\"target\":[\"https:\\\/\\\/www.aijparis.com\\\/ou-dormir-pour-pas-cher-a-paris\\\/\"]}]},{\"@type\":\"BreadcrumbList\",\"@id\":\"https:\\\/\\\/www.aijparis.com\\\/ou-dormir-pour-pas-cher-a-paris\\\/#breadcrumb\",\"itemListElement\":[{\"@type\":\"ListItem\",\"position\":1,\"name\":\"Accueil\",\"item\":\"https:\\\/\\\/www.aijparis.com\\\/en\\\/\"},{\"@type\":\"ListItem\",\"position\":2,\"name\":\"Dove dormire a buon mercato a Parigi\"}]},{\"@type\":\"WebSite\",\"@id\":\"https:\\\/\\\/www.aijparis.com\\\/#website\",\"url\":\"https:\\\/\\\/www.aijparis.com\\\/\",\"name\":\"AIJ Auberge Internationale des Jeunes\",\"description\":\"\",\"publisher\":{\"@id\":\"https:\\\/\\\/www.aijparis.com\\\/#organization\"},\"potentialAction\":[{\"@type\":\"SearchAction\",\"target\":{\"@type\":\"EntryPoint\",\"urlTemplate\":\"https:\\\/\\\/www.aijparis.com\\\/?s={search_term_string}\"},\"query-input\":{\"@type\":\"PropertyValueSpecification\",\"valueRequired\":true,\"valueName\":\"search_term_string\"}}],\"inLanguage\":\"it-IT\"},{\"@type\":\"Organization\",\"@id\":\"https:\\\/\\\/www.aijparis.com\\\/#organization\",\"name\":\"AIJ Auberge Internationale des Jeunes\",\"url\":\"https:\\\/\\\/www.aijparis.com\\\/\",\"logo\":{\"@type\":\"ImageObject\",\"inLanguage\":\"it-IT\",\"@id\":\"https:\\\/\\\/www.aijparis.com\\\/#\\\/schema\\\/logo\\\/image\\\/\",\"url\":\"https:\\\/\\\/www.aijparis.com\\\/wp-content\\\/uploads\\\/2023\\\/10\\\/logo_picto.svg\",\"contentUrl\":\"https:\\\/\\\/www.aijparis.com\\\/wp-content\\\/uploads\\\/2023\\\/10\\\/logo_picto.svg\",\"width\":500,\"height\":500,\"caption\":\"AIJ Auberge Internationale des Jeunes\"},\"image\":{\"@id\":\"https:\\\/\\\/www.aijparis.com\\\/#\\\/schema\\\/logo\\\/image\\\/\"}}]}<\/script>\n<!-- \/ Yoast SEO plugin. -->","yoast_head_json":{"title":"Dove dormire a buon mercato a Parigi - AIJ Auberge Internationale des Jeunes","description":"Gli ostelli della giovent\u00f9 sono un ottimo modo per dormire a buon mercato a Parigi . Offrono sistemazioni in stile dormitorio e un ambiente...","robots":{"index":"index","follow":"follow","max-snippet":"max-snippet:-1","max-image-preview":"max-image-preview:large","max-video-preview":"max-video-preview:-1"},"canonical":"https:\/\/www.aijparis.com\/ou-dormir-pour-pas-cher-a-paris\/","og_locale":"it_IT","og_type":"article","og_title":"Dove dormire a buon mercato a Parigi - AIJ Auberge Internationale des Jeunes","og_description":"Gli ostelli della giovent\u00f9 sono un ottimo modo per dormire a buon mercato a Parigi . Offrono sistemazioni in stile dormitorio e un ambiente...","og_url":"https:\/\/www.aijparis.com\/ou-dormir-pour-pas-cher-a-paris\/","og_site_name":"AIJ Auberge Internationale des Jeunes","article_modified_time":"2023-12-07T10:27:21+00:00","twitter_card":"summary_large_image","twitter_misc":{"Tempo di lettura stimato":"2 minuti"},"schema":{"@context":"https:\/\/schema.org","@graph":[{"@type":"WebPage","@id":"https:\/\/www.aijparis.com\/ou-dormir-pour-pas-cher-a-paris\/","url":"https:\/\/www.aijparis.com\/ou-dormir-pour-pas-cher-a-paris\/","name":"Dove dormire a buon mercato a Parigi - AIJ Auberge Internationale des Jeunes","isPartOf":{"@id":"https:\/\/www.aijparis.com\/#website"},"datePublished":"2022-09-19T14:09:22+00:00","dateModified":"2023-12-07T10:27:21+00:00","description":"Gli ostelli della giovent\u00f9 sono un ottimo modo per dormire a buon mercato a Parigi . Offrono sistemazioni in stile dormitorio e un ambiente...","breadcrumb":{"@id":"https:\/\/www.aijparis.com\/ou-dormir-pour-pas-cher-a-paris\/#breadcrumb"},"inLanguage":"it-IT","potentialAction":[{"@type":"ReadAction","target":["https:\/\/www.aijparis.com\/ou-dormir-pour-pas-cher-a-paris\/"]}]},{"@type":"BreadcrumbList","@id":"https:\/\/www.aijparis.com\/ou-dormir-pour-pas-cher-a-paris\/#breadcrumb","itemListElement":[{"@type":"ListItem","position":1,"name":"Accueil","item":"https:\/\/www.aijparis.com\/en\/"},{"@type":"ListItem","position":2,"name":"Dove dormire a buon mercato a Parigi"}]},{"@type":"WebSite","@id":"https:\/\/www.aijparis.com\/#website","url":"https:\/\/www.aijparis.com\/","name":"AIJ Auberge Internationale des Jeunes","description":"","publisher":{"@id":"https:\/\/www.aijparis.com\/#organization"},"potentialAction":[{"@type":"SearchAction","target":{"@type":"EntryPoint","urlTemplate":"https:\/\/www.aijparis.com\/?s={search_term_string}"},"query-input":{"@type":"PropertyValueSpecification","valueRequired":true,"valueName":"search_term_string"}}],"inLanguage":"it-IT"},{"@type":"Organization","@id":"https:\/\/www.aijparis.com\/#organization","name":"AIJ Auberge Internationale des Jeunes","url":"https:\/\/www.aijparis.com\/","logo":{"@type":"ImageObject","inLanguage":"it-IT","@id":"https:\/\/www.aijparis.com\/#\/schema\/logo\/image\/","url":"https:\/\/www.aijparis.com\/wp-content\/uploads\/2023\/10\/logo_picto.svg","contentUrl":"https:\/\/www.aijparis.com\/wp-content\/uploads\/2023\/10\/logo_picto.svg","width":500,"height":500,"caption":"AIJ Auberge Internationale des Jeunes"},"image":{"@id":"https:\/\/www.aijparis.com\/#\/schema\/logo\/image\/"}}]}},"_links":{"self":[{"href":"https:\/\/www.aijparis.com\/it\/wp-json\/wp\/v2\/pages\/3827","targetHints":{"allow":["GET"]}}],"collection":[{"href":"https:\/\/www.aijparis.com\/it\/wp-json\/wp\/v2\/pages"}],"about":[{"href":"https:\/\/www.aijparis.com\/it\/wp-json\/wp\/v2\/types\/page"}],"author":[{"embeddable":true,"href":"https:\/\/www.aijparis.com\/it\/wp-json\/wp\/v2\/users\/1"}],"replies":[{"embeddable":true,"href":"https:\/\/www.aijparis.com\/it\/wp-json\/wp\/v2\/comments?post=3827"}],"version-history":[{"count":5,"href":"https:\/\/www.aijparis.com\/it\/wp-json\/wp\/v2\/pages\/3827\/revisions"}],"predecessor-version":[{"id":12366,"href":"https:\/\/www.aijparis.com\/it\/wp-json\/wp\/v2\/pages\/3827\/revisions\/12366"}],"wp:attachment":[{"href":"https:\/\/www.aijparis.com\/it\/wp-json\/wp\/v2\/media?parent=3827"}],"curies":[{"name":"wp","href":"https:\/\/api.w.org\/{rel}","templated":true}]}}