{"id":1830,"date":"2014-04-15T19:59:00","date_gmt":"2014-04-15T17:59:00","guid":{"rendered":"https:\/\/www.aijparis.com\/next\/?page_id=1830"},"modified":"2025-06-02T09:30:49","modified_gmt":"2025-06-02T07:30:49","slug":"quartiere-bastille-02","status":"publish","type":"page","link":"https:\/\/www.aijparis.com\/it\/quartiere-bastille-02\/","title":{"rendered":"Quartiere Bastille [guide]"},"content":{"rendered":"\t\t<div data-elementor-type=\"wp-page\" data-elementor-id=\"1830\" class=\"elementor elementor-1830 elementor-743\" data-elementor-post-type=\"page\">\n\t\t\t\t<div class=\"elementor-element elementor-element-f623c15 e-con-full e-flex e-con e-parent\" data-id=\"f623c15\" data-element_type=\"container\" data-e-type=\"container\" data-settings=\"{&quot;background_background&quot;:&quot;classic&quot;}\">\n\t\t<div class=\"elementor-element elementor-element-f79cf43 e-con-full e-flex e-con e-child\" data-id=\"f79cf43\" data-element_type=\"container\" data-e-type=\"container\">\n\t\t\t\t<div class=\"elementor-element elementor-element-524d4b9 elementor-widget elementor-widget-heading\" data-id=\"524d4b9\" data-element_type=\"widget\" data-e-type=\"widget\" data-widget_type=\"heading.default\">\n\t\t\t\t<div class=\"elementor-widget-container\">\n\t\t\t\t\t<h1 class=\"elementor-heading-title elementor-size-default\">il quartiere Bastille<\/h1>\t\t\t\t<\/div>\n\t\t\t\t<\/div>\n\t\t\t\t<div class=\"elementor-element elementor-element-74ca20e elementor-widget elementor-widget-heading\" data-id=\"74ca20e\" data-element_type=\"widget\" data-e-type=\"widget\" data-widget_type=\"heading.default\">\n\t\t\t\t<div class=\"elementor-widget-container\">\n\t\t\t\t\t<h2 class=\"elementor-heading-title elementor-size-default\"><a href=\"\">OSTELLO DELLA GIOVENT\u00d9 A PARIGI<\/a><\/h2>\t\t\t\t<\/div>\n\t\t\t\t<\/div>\n\t\t\t\t<div class=\"elementor-element elementor-element-35f6a06 elementor-widget-divider--separator-type-pattern elementor-widget-divider--view-line elementor-widget elementor-widget-divider\" data-id=\"35f6a06\" data-element_type=\"widget\" data-e-type=\"widget\" data-widget_type=\"divider.default\">\n\t\t\t\t<div class=\"elementor-widget-container\">\n\t\t\t\t\t\t\t<div class=\"elementor-divider\" style=\"--divider-pattern-url: url(&quot;data:image\/svg+xml,%3Csvg xmlns=&#039;http:\/\/www.w3.org\/2000\/svg&#039; preserveAspectRatio=&#039;none&#039; overflow=&#039;visible&#039; height=&#039;100%&#039; viewBox=&#039;0 0 20 16&#039; fill=&#039;none&#039; stroke=&#039;black&#039; stroke-width=&#039;1&#039; stroke-linecap=&#039;square&#039; stroke-miterlimit=&#039;10&#039;%3E%3Cg transform=&#039;translate(-12.000000, 0)&#039;%3E%3Cpath d=&#039;M28,0L10,18&#039;\/%3E%3Cpath d=&#039;M18,0L0,18&#039;\/%3E%3Cpath d=&#039;M48,0L30,18&#039;\/%3E%3Cpath d=&#039;M38,0L20,18&#039;\/%3E%3C\/g%3E%3C\/svg%3E&quot;);\">\n\t\t\t<span class=\"elementor-divider-separator\">\n\t\t\t\t\t\t<\/span>\n\t\t<\/div>\n\t\t\t\t\t\t<\/div>\n\t\t\t\t<\/div>\n\t\t\t\t<\/div>\n\t\t\t\t<\/div>\n\t\t<div class=\"elementor-element elementor-element-2a528e4 e-con-full e-flex e-con e-parent\" data-id=\"2a528e4\" data-element_type=\"container\" data-e-type=\"container\" data-settings=\"{&quot;background_background&quot;:&quot;classic&quot;}\">\n\t\t<div class=\"elementor-element elementor-element-ed2522f e-con-full e-flex e-con e-child\" data-id=\"ed2522f\" data-element_type=\"container\" data-e-type=\"container\" data-settings=\"{&quot;background_background&quot;:&quot;classic&quot;}\">\n\t\t\t\t<div class=\"elementor-element elementor-element-9f906e8 elementor-widget elementor-widget-heading\" data-id=\"9f906e8\" data-element_type=\"widget\" data-e-type=\"widget\" data-widget_type=\"heading.default\">\n\t\t\t\t<div class=\"elementor-widget-container\">\n\t\t\t\t\t<h1 class=\"elementor-heading-title elementor-size-default\">Goditi uno dei quartieri pi\u00f9 trendy di Parigi<\/h1>\t\t\t\t<\/div>\n\t\t\t\t<\/div>\n\t\t\t\t<div class=\"elementor-element elementor-element-f51db6c elementor-widget elementor-widget-heading\" data-id=\"f51db6c\" data-element_type=\"widget\" data-e-type=\"widget\" data-widget_type=\"heading.default\">\n\t\t\t\t<div class=\"elementor-widget-container\">\n\t\t\t\t\t<h2 class=\"elementor-heading-title elementor-size-default\"> il quartiere Bastille<\/h2>\t\t\t\t<\/div>\n\t\t\t\t<\/div>\n\t\t\t\t<div class=\"elementor-element elementor-element-155a8ba elementor-widget elementor-widget-text-editor\" data-id=\"155a8ba\" data-element_type=\"widget\" data-e-type=\"widget\" data-widget_type=\"text-editor.default\">\n\t\t\t\t<div class=\"elementor-widget-container\">\n\t\t\t\t\t\t\t\t\t<p>Questo quartiere \u00e8 uno dei pi\u00f9 <strong>trendy<\/strong> della citt\u00e0. Con i suoi numerosi bar, locali notturni, concerti\u2026 il quartiere Bastille \u00e8 senza dubbio uno dei <strong>luoghi pi\u00f9 gettonati per la vita notturna studentesca<\/strong>.<br \/><br \/>Da Rue de Lappe, l\u2019atmosfera di festa si spinge fino a Rue de Charonne e Rue de la Roquette.<br \/>Negli anni Ottanta \u00e8 emersa una certa movida parigina, \u00e8 stata inaugurata l\u2019<strong>Op\u00e9ra Bastille<\/strong>, e queste <strong>antiche vie di artigiani<\/strong>, falegnami ed ebanisti restano ancora oggi nel paesaggio del quartiere.<br \/><br \/>Place de la Bastille \u00e8 uno dei <strong>luoghi simbolo<\/strong> della storia francese.<\/p>\t\t\t\t\t\t\t\t<\/div>\n\t\t\t\t<\/div>\n\t\t\t\t<\/div>\n\t\t<div class=\"elementor-element elementor-element-a4f036f e-con-full e-flex e-con e-child\" data-id=\"a4f036f\" data-element_type=\"container\" data-e-type=\"container\" data-settings=\"{&quot;background_background&quot;:&quot;classic&quot;}\">\n\t\t<div class=\"elementor-element elementor-element-63f5229 e-con-full e-flex elementor-invisible e-con e-child\" data-id=\"63f5229\" data-element_type=\"container\" data-e-type=\"container\" data-settings=\"{&quot;background_background&quot;:&quot;classic&quot;,&quot;motion_fx_motion_fx_scrolling&quot;:&quot;yes&quot;,&quot;motion_fx_translateY_effect&quot;:&quot;yes&quot;,&quot;motion_fx_translateY_speed&quot;:{&quot;unit&quot;:&quot;px&quot;,&quot;size&quot;:6.2,&quot;sizes&quot;:[]},&quot;animation&quot;:&quot;fadeIn&quot;,&quot;motion_fx_translateY_affectedRange&quot;:{&quot;unit&quot;:&quot;%&quot;,&quot;size&quot;:&quot;&quot;,&quot;sizes&quot;:{&quot;start&quot;:0,&quot;end&quot;:100}},&quot;motion_fx_devices&quot;:[&quot;widescreen&quot;,&quot;desktop&quot;,&quot;laptop&quot;,&quot;tablet_extra&quot;,&quot;tablet&quot;,&quot;mobile_extra&quot;,&quot;mobile&quot;]}\">\n\t\t\t\t<\/div>\n\t\t\t\t<\/div>\n\t\t\t\t<\/div>\n\t\t<div class=\"elementor-element elementor-element-fc9b333 e-con-full e-flex e-con e-parent\" data-id=\"fc9b333\" data-element_type=\"container\" data-e-type=\"container\" data-settings=\"{&quot;background_background&quot;:&quot;gradient&quot;,&quot;shape_divider_top&quot;:&quot;triangle-asymmetrical&quot;,&quot;shape_divider_bottom&quot;:&quot;tilt&quot;,&quot;motion_fx_motion_fx_scrolling&quot;:&quot;yes&quot;,&quot;motion_fx_translateY_effect&quot;:&quot;yes&quot;,&quot;motion_fx_translateY_speed&quot;:{&quot;unit&quot;:&quot;px&quot;,&quot;size&quot;:4,&quot;sizes&quot;:[]},&quot;motion_fx_translateY_affectedRange&quot;:{&quot;unit&quot;:&quot;%&quot;,&quot;size&quot;:&quot;&quot;,&quot;sizes&quot;:{&quot;start&quot;:0,&quot;end&quot;:100}},&quot;motion_fx_devices&quot;:[&quot;widescreen&quot;,&quot;desktop&quot;,&quot;laptop&quot;,&quot;tablet_extra&quot;,&quot;tablet&quot;,&quot;mobile_extra&quot;,&quot;mobile&quot;]}\">\n\t\t\t\t<div class=\"elementor-shape elementor-shape-top\" aria-hidden=\"true\" data-negative=\"false\">\n\t\t\t<svg xmlns=\"http:\/\/www.w3.org\/2000\/svg\" viewBox=\"0 0 1000 100\" preserveAspectRatio=\"none\">\n\t<path class=\"elementor-shape-fill\" d=\"M738,99l262-93V0H0v5.6L738,99z\"\/>\n<\/svg>\t\t<\/div>\n\t\t\t\t<div class=\"elementor-shape elementor-shape-bottom\" aria-hidden=\"true\" data-negative=\"false\">\n\t\t\t<svg xmlns=\"http:\/\/www.w3.org\/2000\/svg\" viewBox=\"0 0 1000 100\" preserveAspectRatio=\"none\">\n\t<path class=\"elementor-shape-fill\" d=\"M0,6V0h1000v100L0,6z\"\/>\n<\/svg>\t\t<\/div>\n\t\t<div class=\"elementor-element elementor-element-b0a1ca6 e-con-full e-flex e-con e-child\" data-id=\"b0a1ca6\" data-element_type=\"container\" data-e-type=\"container\">\n\t\t\t\t<div class=\"elementor-element elementor-element-3d49d81 elementor-headline--style-rotate elementor-widget elementor-widget-animated-headline\" data-id=\"3d49d81\" data-element_type=\"widget\" data-e-type=\"widget\" data-settings=\"{&quot;headline_style&quot;:&quot;rotate&quot;,&quot;animation_type&quot;:&quot;flip&quot;,&quot;rotating_text&quot;:&quot;DINTORNI&quot;,&quot;loop&quot;:&quot;yes&quot;,&quot;rotate_iteration_delay&quot;:2500}\" data-widget_type=\"animated-headline.default\">\n\t\t\t\t<div class=\"elementor-widget-container\">\n\t\t\t\t\t\t\t<h3 class=\"elementor-headline elementor-headline-animation-type-flip\">\n\t\t\t\t\t<span class=\"elementor-headline-plain-text elementor-headline-text-wrapper\">NEGOZI NEI <\/br> <\/span>\n\t\t\t\t<span class=\"elementor-headline-dynamic-wrapper elementor-headline-text-wrapper\">\n\t\t\t\t\t<span class=\"elementor-headline-dynamic-text elementor-headline-text-active\">\n\t\t\t\tDINTORNI\t\t\t<\/span>\n\t\t\t\t\t\t<\/span>\n\t\t\t\t<\/h3>\n\t\t\t\t\t\t<\/div>\n\t\t\t\t<\/div>\n\t\t\t\t<div class=\"elementor-element elementor-element-d49a670 elementor-widget elementor-widget-text-editor\" data-id=\"d49a670\" data-element_type=\"widget\" data-e-type=\"widget\" data-widget_type=\"text-editor.default\">\n\t\t\t\t<div class=\"elementor-widget-container\">\n\t\t\t\t\t\t\t\t\tStarbucks Coffee, Mc Donalds, Jeff de Bruges, Sushi Shop, Subway, NafNaf, Cahartt, kooka\u00ef, Lacoste, S\u00e9phora; Kickers\u2026\t\t\t\t\t\t\t\t<\/div>\n\t\t\t\t<\/div>\n\t\t\t\t<div class=\"elementor-element elementor-element-c960a8d elementor-align-center elementor-widget elementor-widget-button\" data-id=\"c960a8d\" data-element_type=\"widget\" data-e-type=\"widget\" data-widget_type=\"button.default\">\n\t\t\t\t<div class=\"elementor-widget-container\">\n\t\t\t\t\t\t\t\t\t<div class=\"elementor-button-wrapper\">\n\t\t\t\t\t<a class=\"elementor-button elementor-button-link elementor-size-sm\" href=\"https:\/\/www.aijparis.com\/it\/guida-di-parigi\/decouvrez-le-quartier-bastille-guide\/\">\n\t\t\t\t\t\t<span class=\"elementor-button-content-wrapper\">\n\t\t\t\t\t\t<span class=\"elementor-button-icon\">\n\t\t\t\t<i aria-hidden=\"true\" class=\"fas fa-long-arrow-alt-right\"><\/i>\t\t\t<\/span>\n\t\t\t\t\t\t\t\t\t<span class=\"elementor-button-text\">I nostri migliori indirizzi del quartiere Bastille<\/span>\n\t\t\t\t\t<\/span>\n\t\t\t\t\t<\/a>\n\t\t\t\t<\/div>\n\t\t\t\t\t\t\t\t<\/div>\n\t\t\t\t<\/div>\n\t\t<div class=\"elementor-element elementor-element-bc5f4d7 e-con-full e-flex e-con e-child\" data-id=\"bc5f4d7\" data-element_type=\"container\" data-e-type=\"container\" data-settings=\"{&quot;background_background&quot;:&quot;classic&quot;}\">\n\t\t\t\t<div class=\"elementor-element elementor-element-81b6a31 elementor-widget elementor-widget-image\" data-id=\"81b6a31\" data-element_type=\"widget\" data-e-type=\"widget\" data-widget_type=\"image.default\">\n\t\t\t\t<div class=\"elementor-widget-container\">\n\t\t\t\t\t\t\t\t\t\t\t\t\t\t\t<img fetchpriority=\"high\" decoding=\"async\" width=\"957\" height=\"339\" src=\"https:\/\/www.aijparis.com\/wp-content\/uploads\/2023\/11\/carte-AIJ-commerces.jpg\" class=\"attachment-full size-full wp-image-8903\" alt=\"\" srcset=\"https:\/\/www.aijparis.com\/wp-content\/uploads\/2023\/11\/carte-AIJ-commerces.jpg 957w, https:\/\/www.aijparis.com\/wp-content\/uploads\/2023\/11\/carte-AIJ-commerces-300x106.jpg 300w, https:\/\/www.aijparis.com\/wp-content\/uploads\/2023\/11\/carte-AIJ-commerces-768x272.jpg 768w\" sizes=\"(max-width: 957px) 100vw, 957px\" \/>\t\t\t\t\t\t\t\t\t\t\t\t\t\t\t<\/div>\n\t\t\t\t<\/div>\n\t\t\t\t<\/div>\n\t\t\t\t<\/div>\n\t\t\t\t<\/div>\n\t\t\t\t<\/div>\n\t\t","protected":false},"excerpt":{"rendered":"<p>il quartiere Bastille OSTELLO DELLA GIOVENT\u00d9 A PARIGI Goditi uno dei quartieri pi\u00f9 trendy di Parigi il quartiere Bastille Questo quartiere \u00e8 uno dei pi\u00f9 trendy della citt\u00e0. Con i suoi numerosi bar, locali notturni, concerti\u2026 il quartiere Bastille \u00e8 senza dubbio uno dei luoghi pi\u00f9 gettonati per la vita notturna studentesca. Da Rue de [&hellip;]<\/p>\n","protected":false},"author":1,"featured_media":0,"parent":0,"menu_order":0,"comment_status":"closed","ping_status":"closed","template":"","meta":{"footnotes":""},"class_list":["post-1830","page","type-page","status-publish","hentry"],"yoast_head":"<!-- This site is optimized with the Yoast SEO plugin v27.4 - https:\/\/yoast.com\/product\/yoast-seo-wordpress\/ -->\n<title>Quartiere Bastille [guide] - AIJ Auberge Internationale des Jeunes<\/title>\n<meta name=\"robots\" content=\"index, follow, max-snippet:-1, max-image-preview:large, max-video-preview:-1\" \/>\n<link rel=\"canonical\" href=\"https:\/\/www.aijparis.com\/bastille\/\" \/>\n<meta property=\"og:locale\" content=\"it_IT\" \/>\n<meta property=\"og:type\" content=\"article\" \/>\n<meta property=\"og:title\" content=\"Quartiere Bastille [guide] - AIJ Auberge Internationale des Jeunes\" \/>\n<meta property=\"og:description\" content=\"il quartiere Bastille OSTELLO DELLA GIOVENT\u00d9 A PARIGI Goditi uno dei quartieri pi\u00f9 trendy di Parigi il quartiere Bastille Questo quartiere \u00e8 uno dei pi\u00f9 trendy della citt\u00e0. Con i suoi numerosi bar, locali notturni, concerti\u2026 il quartiere Bastille \u00e8 senza dubbio uno dei luoghi pi\u00f9 gettonati per la vita notturna studentesca. Da Rue de [&hellip;]\" \/>\n<meta property=\"og:url\" content=\"https:\/\/www.aijparis.com\/bastille\/\" \/>\n<meta property=\"og:site_name\" content=\"AIJ Auberge Internationale des Jeunes\" \/>\n<meta property=\"article:modified_time\" content=\"2025-06-02T07:30:49+00:00\" \/>\n<meta property=\"og:image\" content=\"https:\/\/www.aijparis.com\/wp-content\/uploads\/2023\/11\/carte-AIJ-commerces.jpg\" \/>\n\t<meta property=\"og:image:width\" content=\"957\" \/>\n\t<meta property=\"og:image:height\" content=\"339\" \/>\n\t<meta property=\"og:image:type\" content=\"image\/jpeg\" \/>\n<meta name=\"twitter:card\" content=\"summary_large_image\" \/>\n<meta name=\"twitter:label1\" content=\"Tempo di lettura stimato\" \/>\n\t<meta name=\"twitter:data1\" content=\"1 minuto\" \/>\n<script type=\"application\/ld+json\" class=\"yoast-schema-graph\">{\"@context\":\"https:\\\/\\\/schema.org\",\"@graph\":[{\"@type\":\"WebPage\",\"@id\":\"https:\\\/\\\/www.aijparis.com\\\/bastille\\\/\",\"url\":\"https:\\\/\\\/www.aijparis.com\\\/bastille\\\/\",\"name\":\"Quartiere Bastille [guide] - AIJ Auberge Internationale des Jeunes\",\"isPartOf\":{\"@id\":\"https:\\\/\\\/www.aijparis.com\\\/#website\"},\"primaryImageOfPage\":{\"@id\":\"https:\\\/\\\/www.aijparis.com\\\/bastille\\\/#primaryimage\"},\"image\":{\"@id\":\"https:\\\/\\\/www.aijparis.com\\\/bastille\\\/#primaryimage\"},\"thumbnailUrl\":\"https:\\\/\\\/www.aijparis.com\\\/wp-content\\\/uploads\\\/2023\\\/11\\\/carte-AIJ-commerces.jpg\",\"datePublished\":\"2014-04-15T17:59:00+00:00\",\"dateModified\":\"2025-06-02T07:30:49+00:00\",\"breadcrumb\":{\"@id\":\"https:\\\/\\\/www.aijparis.com\\\/bastille\\\/#breadcrumb\"},\"inLanguage\":\"it-IT\",\"potentialAction\":[{\"@type\":\"ReadAction\",\"target\":[\"https:\\\/\\\/www.aijparis.com\\\/bastille\\\/\"]}]},{\"@type\":\"ImageObject\",\"inLanguage\":\"it-IT\",\"@id\":\"https:\\\/\\\/www.aijparis.com\\\/bastille\\\/#primaryimage\",\"url\":\"https:\\\/\\\/www.aijparis.com\\\/wp-content\\\/uploads\\\/2023\\\/11\\\/carte-AIJ-commerces.jpg\",\"contentUrl\":\"https:\\\/\\\/www.aijparis.com\\\/wp-content\\\/uploads\\\/2023\\\/11\\\/carte-AIJ-commerces.jpg\"},{\"@type\":\"BreadcrumbList\",\"@id\":\"https:\\\/\\\/www.aijparis.com\\\/bastille\\\/#breadcrumb\",\"itemListElement\":[{\"@type\":\"ListItem\",\"position\":1,\"name\":\"Accueil\",\"item\":\"https:\\\/\\\/www.aijparis.com\\\/en\\\/\"},{\"@type\":\"ListItem\",\"position\":2,\"name\":\"Quartiere Bastille [guide]\"}]},{\"@type\":\"WebSite\",\"@id\":\"https:\\\/\\\/www.aijparis.com\\\/#website\",\"url\":\"https:\\\/\\\/www.aijparis.com\\\/\",\"name\":\"AIJ Auberge Internationale des Jeunes\",\"description\":\"\",\"publisher\":{\"@id\":\"https:\\\/\\\/www.aijparis.com\\\/#organization\"},\"potentialAction\":[{\"@type\":\"SearchAction\",\"target\":{\"@type\":\"EntryPoint\",\"urlTemplate\":\"https:\\\/\\\/www.aijparis.com\\\/?s={search_term_string}\"},\"query-input\":{\"@type\":\"PropertyValueSpecification\",\"valueRequired\":true,\"valueName\":\"search_term_string\"}}],\"inLanguage\":\"it-IT\"},{\"@type\":\"Organization\",\"@id\":\"https:\\\/\\\/www.aijparis.com\\\/#organization\",\"name\":\"AIJ Auberge Internationale des Jeunes\",\"url\":\"https:\\\/\\\/www.aijparis.com\\\/\",\"logo\":{\"@type\":\"ImageObject\",\"inLanguage\":\"it-IT\",\"@id\":\"https:\\\/\\\/www.aijparis.com\\\/#\\\/schema\\\/logo\\\/image\\\/\",\"url\":\"https:\\\/\\\/www.aijparis.com\\\/wp-content\\\/uploads\\\/2023\\\/10\\\/logo_picto.svg\",\"contentUrl\":\"https:\\\/\\\/www.aijparis.com\\\/wp-content\\\/uploads\\\/2023\\\/10\\\/logo_picto.svg\",\"width\":500,\"height\":500,\"caption\":\"AIJ Auberge Internationale des Jeunes\"},\"image\":{\"@id\":\"https:\\\/\\\/www.aijparis.com\\\/#\\\/schema\\\/logo\\\/image\\\/\"}}]}<\/script>\n<!-- \/ Yoast SEO plugin. -->","yoast_head_json":{"title":"Quartiere Bastille [guide] - AIJ Auberge Internationale des Jeunes","robots":{"index":"index","follow":"follow","max-snippet":"max-snippet:-1","max-image-preview":"max-image-preview:large","max-video-preview":"max-video-preview:-1"},"canonical":"https:\/\/www.aijparis.com\/bastille\/","og_locale":"it_IT","og_type":"article","og_title":"Quartiere Bastille [guide] - AIJ Auberge Internationale des Jeunes","og_description":"il quartiere Bastille OSTELLO DELLA GIOVENT\u00d9 A PARIGI Goditi uno dei quartieri pi\u00f9 trendy di Parigi il quartiere Bastille Questo quartiere \u00e8 uno dei pi\u00f9 trendy della citt\u00e0. Con i suoi numerosi bar, locali notturni, concerti\u2026 il quartiere Bastille \u00e8 senza dubbio uno dei luoghi pi\u00f9 gettonati per la vita notturna studentesca. Da Rue de [&hellip;]","og_url":"https:\/\/www.aijparis.com\/bastille\/","og_site_name":"AIJ Auberge Internationale des Jeunes","article_modified_time":"2025-06-02T07:30:49+00:00","og_image":[{"width":957,"height":339,"url":"https:\/\/www.aijparis.com\/wp-content\/uploads\/2023\/11\/carte-AIJ-commerces.jpg","type":"image\/jpeg"}],"twitter_card":"summary_large_image","twitter_misc":{"Tempo di lettura stimato":"1 minuto"},"schema":{"@context":"https:\/\/schema.org","@graph":[{"@type":"WebPage","@id":"https:\/\/www.aijparis.com\/bastille\/","url":"https:\/\/www.aijparis.com\/bastille\/","name":"Quartiere Bastille [guide] - AIJ Auberge Internationale des Jeunes","isPartOf":{"@id":"https:\/\/www.aijparis.com\/#website"},"primaryImageOfPage":{"@id":"https:\/\/www.aijparis.com\/bastille\/#primaryimage"},"image":{"@id":"https:\/\/www.aijparis.com\/bastille\/#primaryimage"},"thumbnailUrl":"https:\/\/www.aijparis.com\/wp-content\/uploads\/2023\/11\/carte-AIJ-commerces.jpg","datePublished":"2014-04-15T17:59:00+00:00","dateModified":"2025-06-02T07:30:49+00:00","breadcrumb":{"@id":"https:\/\/www.aijparis.com\/bastille\/#breadcrumb"},"inLanguage":"it-IT","potentialAction":[{"@type":"ReadAction","target":["https:\/\/www.aijparis.com\/bastille\/"]}]},{"@type":"ImageObject","inLanguage":"it-IT","@id":"https:\/\/www.aijparis.com\/bastille\/#primaryimage","url":"https:\/\/www.aijparis.com\/wp-content\/uploads\/2023\/11\/carte-AIJ-commerces.jpg","contentUrl":"https:\/\/www.aijparis.com\/wp-content\/uploads\/2023\/11\/carte-AIJ-commerces.jpg"},{"@type":"BreadcrumbList","@id":"https:\/\/www.aijparis.com\/bastille\/#breadcrumb","itemListElement":[{"@type":"ListItem","position":1,"name":"Accueil","item":"https:\/\/www.aijparis.com\/en\/"},{"@type":"ListItem","position":2,"name":"Quartiere Bastille [guide]"}]},{"@type":"WebSite","@id":"https:\/\/www.aijparis.com\/#website","url":"https:\/\/www.aijparis.com\/","name":"AIJ Auberge Internationale des Jeunes","description":"","publisher":{"@id":"https:\/\/www.aijparis.com\/#organization"},"potentialAction":[{"@type":"SearchAction","target":{"@type":"EntryPoint","urlTemplate":"https:\/\/www.aijparis.com\/?s={search_term_string}"},"query-input":{"@type":"PropertyValueSpecification","valueRequired":true,"valueName":"search_term_string"}}],"inLanguage":"it-IT"},{"@type":"Organization","@id":"https:\/\/www.aijparis.com\/#organization","name":"AIJ Auberge Internationale des Jeunes","url":"https:\/\/www.aijparis.com\/","logo":{"@type":"ImageObject","inLanguage":"it-IT","@id":"https:\/\/www.aijparis.com\/#\/schema\/logo\/image\/","url":"https:\/\/www.aijparis.com\/wp-content\/uploads\/2023\/10\/logo_picto.svg","contentUrl":"https:\/\/www.aijparis.com\/wp-content\/uploads\/2023\/10\/logo_picto.svg","width":500,"height":500,"caption":"AIJ Auberge Internationale des Jeunes"},"image":{"@id":"https:\/\/www.aijparis.com\/#\/schema\/logo\/image\/"}}]}},"_links":{"self":[{"href":"https:\/\/www.aijparis.com\/it\/wp-json\/wp\/v2\/pages\/1830","targetHints":{"allow":["GET"]}}],"collection":[{"href":"https:\/\/www.aijparis.com\/it\/wp-json\/wp\/v2\/pages"}],"about":[{"href":"https:\/\/www.aijparis.com\/it\/wp-json\/wp\/v2\/types\/page"}],"author":[{"embeddable":true,"href":"https:\/\/www.aijparis.com\/it\/wp-json\/wp\/v2\/users\/1"}],"replies":[{"embeddable":true,"href":"https:\/\/www.aijparis.com\/it\/wp-json\/wp\/v2\/comments?post=1830"}],"version-history":[{"count":17,"href":"https:\/\/www.aijparis.com\/it\/wp-json\/wp\/v2\/pages\/1830\/revisions"}],"predecessor-version":[{"id":12953,"href":"https:\/\/www.aijparis.com\/it\/wp-json\/wp\/v2\/pages\/1830\/revisions\/12953"}],"wp:attachment":[{"href":"https:\/\/www.aijparis.com\/it\/wp-json\/wp\/v2\/media?parent=1830"}],"curies":[{"name":"wp","href":"https:\/\/api.w.org\/{rel}","templated":true}]}}