{"id":9638,"date":"2014-04-18T12:05:03","date_gmt":"2014-04-18T10:05:03","guid":{"rendered":"https:\/\/www.aijparis.com\/2024\/?page_id=9638"},"modified":"2025-06-02T10:08:10","modified_gmt":"2025-06-02T08:08:10","slug":"mentions-legales","status":"publish","type":"page","link":"https:\/\/www.aijparis.com\/en\/mentions-legales\/","title":{"rendered":"Mentions l\u00e9gales"},"content":{"rendered":"\t\t<div data-elementor-type=\"wp-page\" data-elementor-id=\"9638\" class=\"elementor elementor-9638 elementor-1320\" data-elementor-post-type=\"page\">\n\t\t\t\t<div class=\"elementor-element elementor-element-62581bf2 e-con-full e-flex e-con e-parent\" data-id=\"62581bf2\" data-element_type=\"container\" data-e-type=\"container\" data-settings=\"{&quot;background_background&quot;:&quot;classic&quot;}\">\n\t\t<div class=\"elementor-element elementor-element-1d01c9ca e-con-full e-flex e-con e-child\" data-id=\"1d01c9ca\" data-element_type=\"container\" data-e-type=\"container\">\n\t\t\t\t<div class=\"elementor-element elementor-element-2c7d1eac elementor-widget elementor-widget-heading\" data-id=\"2c7d1eac\" data-element_type=\"widget\" data-e-type=\"widget\" data-widget_type=\"heading.default\">\n\t\t\t\t<div class=\"elementor-widget-container\">\n\t\t\t\t\t<h1 class=\"elementor-heading-title elementor-size-default\">Disclaimers<\/h1>\t\t\t\t<\/div>\n\t\t\t\t<\/div>\n\t\t\t\t<div class=\"elementor-element elementor-element-d836c65 elementor-widget elementor-widget-heading\" data-id=\"d836c65\" data-element_type=\"widget\" data-e-type=\"widget\" data-widget_type=\"heading.default\">\n\t\t\t\t<div class=\"elementor-widget-container\">\n\t\t\t\t\t<h2 class=\"elementor-heading-title elementor-size-default\"><a href=\"\">YOUTH HOSTEL IN PARIS CENTER<\/a><\/h2>\t\t\t\t<\/div>\n\t\t\t\t<\/div>\n\t\t\t\t<div class=\"elementor-element elementor-element-44edf042 elementor-widget-divider--separator-type-pattern elementor-widget-divider--view-line elementor-widget elementor-widget-divider\" data-id=\"44edf042\" data-element_type=\"widget\" data-e-type=\"widget\" data-widget_type=\"divider.default\">\n\t\t\t\t<div class=\"elementor-widget-container\">\n\t\t\t\t\t\t\t<div class=\"elementor-divider\" style=\"--divider-pattern-url: url(&quot;data:image\/svg+xml,%3Csvg xmlns=&#039;http:\/\/www.w3.org\/2000\/svg&#039; preserveAspectRatio=&#039;none&#039; overflow=&#039;visible&#039; height=&#039;100%&#039; viewBox=&#039;0 0 20 16&#039; fill=&#039;none&#039; stroke=&#039;black&#039; stroke-width=&#039;1&#039; stroke-linecap=&#039;square&#039; stroke-miterlimit=&#039;10&#039;%3E%3Cg transform=&#039;translate(-12.000000, 0)&#039;%3E%3Cpath d=&#039;M28,0L10,18&#039;\/%3E%3Cpath d=&#039;M18,0L0,18&#039;\/%3E%3Cpath d=&#039;M48,0L30,18&#039;\/%3E%3Cpath d=&#039;M38,0L20,18&#039;\/%3E%3C\/g%3E%3C\/svg%3E&quot;);\">\n\t\t\t<span class=\"elementor-divider-separator\">\n\t\t\t\t\t\t<\/span>\n\t\t<\/div>\n\t\t\t\t\t\t<\/div>\n\t\t\t\t<\/div>\n\t\t\t\t<\/div>\n\t\t\t\t<\/div>\n\t\t<div class=\"elementor-element elementor-element-340f6366 e-con-full e-flex e-con e-parent\" data-id=\"340f6366\" data-element_type=\"container\" data-e-type=\"container\" data-settings=\"{&quot;background_background&quot;:&quot;classic&quot;}\">\n\t\t<div class=\"elementor-element elementor-element-544009f1 e-con-full e-flex e-con e-child\" data-id=\"544009f1\" data-element_type=\"container\" data-e-type=\"container\" data-settings=\"{&quot;background_background&quot;:&quot;classic&quot;}\">\n\t\t\t\t<div class=\"elementor-element elementor-element-79ae20bd elementor-widget elementor-widget-text-editor\" data-id=\"79ae20bd\" data-element_type=\"widget\" data-e-type=\"widget\" data-widget_type=\"text-editor.default\">\n\t\t\t\t<div class=\"elementor-widget-container\">\n\t\t\t\t\t\t\t\t\t<p><strong>AIJ<\/strong><br \/>10, rue Trousseau<br \/>75011 Paris \u2013 France<\/p><p><strong>T\u00e9l : <\/strong>01 48 05 06 06<strong><br \/>Fax : <\/strong>01 47 00 33 16<\/p><p>Le site aijparis.com est \u00e9dit\u00e9 par la soci\u00e9t\u00e9 \u00ab\u00a0AUBERGE INTERNATIONALE DES JEUNES\u00a0\u00bb<\/p><p>SARL enregistr\u00e9e au RCS de Paris<br \/><strong>N\u00b0 de siret :<\/strong> 45126021000013<\/p><p><strong>Objet du site :<\/strong> Promotion de l\u2019\u00e9tablissement<\/p><p><strong>Directeur de la publication, responsable l\u00e9gal :<\/strong> Mr Christophe MENDJEL<\/p><p><strong>H\u00e9bergement :<\/strong> OVH \u2013 2 rue Kellermann \u2013 59100 Roubaix \u2013 France.<\/p><p><strong>R\u00e9alisation :<\/strong> <a href=\"http:\/\/www.hotelmarketing35.com\" target=\"_blank\" rel=\"noopener\">HotelMarketing35<\/a><\/p><p><strong>Le site pr\u00e9sente :<\/strong><\/p><ul><li>Du contenu informatif<\/li><li>Une collecte de coordonn\u00e9es personnelles en ligne<\/li><\/ul><p>Ce site comporte des informations mises \u00e0 disposition par des soci\u00e9t\u00e9s externes ou des liens hypertextes vers d\u2019autres sites qui n\u2019ont pas \u00e9t\u00e9 d\u00e9velopp\u00e9s par AIJ. Le contenu mis \u00e0 disposition sur le site est fourni \u00e0 titre informatif. L\u2019existence d\u2019un lien de ce site vers un autre site ne constitue pas une validation de ce site ou de son contenu. Il appartient \u00e0 l\u2019internaute d\u2019utiliser ces informations avec discernement et esprit critique. La responsabilit\u00e9 de AIJ ne saurait \u00eatre engag\u00e9e du fait aux informations, opinions et recommandations formul\u00e9es par des tiers.<br \/><a href=\"https:\/aijparis.com\/fr\/politique-de-confidentialite\/\">Politique de confidentialit\u00e9<\/a><\/p><p>Retrouvez AIJ sur <a href=\"https:\/\/www.el-annuaire.com\/\" target=\"_blank\" rel=\"noopener\">El Annuaire<\/a><\/p>\t\t\t\t\t\t\t\t<\/div>\n\t\t\t\t<\/div>\n\t\t\t\t<\/div>\n\t\t\t\t<\/div>\n\t\t\t\t<\/div>\n\t\t","protected":false},"excerpt":{"rendered":"<p>Disclaimers YOUTH HOSTEL IN PARIS CENTER AIJ10, rue Trousseau75011 Paris \u2013 France T\u00e9l : 01 48 05 06 06Fax : 01 47 00 33 16 Le site aijparis.com est \u00e9dit\u00e9 par la soci\u00e9t\u00e9 \u00ab\u00a0AUBERGE INTERNATIONALE DES JEUNES\u00a0\u00bb SARL enregistr\u00e9e au RCS de ParisN\u00b0 de siret : 45126021000013 Objet du site : Promotion de l\u2019\u00e9tablissement Directeur [&hellip;]<\/p>\n","protected":false},"author":5,"featured_media":0,"parent":0,"menu_order":0,"comment_status":"closed","ping_status":"closed","template":"","meta":{"footnotes":""},"class_list":["post-9638","page","type-page","status-publish","hentry"],"yoast_head":"<!-- This site is optimized with the Yoast SEO plugin v27.4 - https:\/\/yoast.com\/product\/yoast-seo-wordpress\/ -->\n<title>Mentions l\u00e9gales - AIJ Auberge Internationale des Jeunes<\/title>\n<meta name=\"robots\" content=\"index, follow, max-snippet:-1, max-image-preview:large, max-video-preview:-1\" \/>\n<link rel=\"canonical\" href=\"https:\/\/www.aijparis.com\/mentions-legales\/\" \/>\n<meta property=\"og:locale\" content=\"en_US\" \/>\n<meta property=\"og:type\" content=\"article\" \/>\n<meta property=\"og:title\" content=\"Mentions l\u00e9gales - AIJ Auberge Internationale des Jeunes\" \/>\n<meta property=\"og:description\" content=\"Disclaimers YOUTH HOSTEL IN PARIS CENTER AIJ10, rue Trousseau75011 Paris \u2013 France T\u00e9l : 01 48 05 06 06Fax : 01 47 00 33 16 Le site aijparis.com est \u00e9dit\u00e9 par la soci\u00e9t\u00e9 \u00ab\u00a0AUBERGE INTERNATIONALE DES JEUNES\u00a0\u00bb SARL enregistr\u00e9e au RCS de ParisN\u00b0 de siret : 45126021000013 Objet du site : Promotion de l\u2019\u00e9tablissement Directeur [&hellip;]\" \/>\n<meta property=\"og:url\" content=\"https:\/\/www.aijparis.com\/mentions-legales\/\" \/>\n<meta property=\"og:site_name\" content=\"AIJ Auberge Internationale des Jeunes\" \/>\n<meta property=\"article:modified_time\" content=\"2025-06-02T08:08:10+00:00\" \/>\n<meta name=\"twitter:card\" content=\"summary_large_image\" \/>\n<meta name=\"twitter:label1\" content=\"Est. reading time\" \/>\n\t<meta name=\"twitter:data1\" content=\"1 minute\" \/>\n<script type=\"application\/ld+json\" class=\"yoast-schema-graph\">{\"@context\":\"https:\\\/\\\/schema.org\",\"@graph\":[{\"@type\":\"WebPage\",\"@id\":\"https:\\\/\\\/www.aijparis.com\\\/mentions-legales\\\/\",\"url\":\"https:\\\/\\\/www.aijparis.com\\\/mentions-legales\\\/\",\"name\":\"Mentions l\u00e9gales - AIJ Auberge Internationale des Jeunes\",\"isPartOf\":{\"@id\":\"https:\\\/\\\/www.aijparis.com\\\/#website\"},\"datePublished\":\"2014-04-18T10:05:03+00:00\",\"dateModified\":\"2025-06-02T08:08:10+00:00\",\"breadcrumb\":{\"@id\":\"https:\\\/\\\/www.aijparis.com\\\/mentions-legales\\\/#breadcrumb\"},\"inLanguage\":\"en-US\",\"potentialAction\":[{\"@type\":\"ReadAction\",\"target\":[\"https:\\\/\\\/www.aijparis.com\\\/mentions-legales\\\/\"]}]},{\"@type\":\"BreadcrumbList\",\"@id\":\"https:\\\/\\\/www.aijparis.com\\\/mentions-legales\\\/#breadcrumb\",\"itemListElement\":[{\"@type\":\"ListItem\",\"position\":1,\"name\":\"Accueil\",\"item\":\"https:\\\/\\\/www.aijparis.com\\\/en\\\/\"},{\"@type\":\"ListItem\",\"position\":2,\"name\":\"Mentions l\u00e9gales\"}]},{\"@type\":\"WebSite\",\"@id\":\"https:\\\/\\\/www.aijparis.com\\\/#website\",\"url\":\"https:\\\/\\\/www.aijparis.com\\\/\",\"name\":\"AIJ Auberge Internationale des Jeunes\",\"description\":\"\",\"publisher\":{\"@id\":\"https:\\\/\\\/www.aijparis.com\\\/#organization\"},\"potentialAction\":[{\"@type\":\"SearchAction\",\"target\":{\"@type\":\"EntryPoint\",\"urlTemplate\":\"https:\\\/\\\/www.aijparis.com\\\/?s={search_term_string}\"},\"query-input\":{\"@type\":\"PropertyValueSpecification\",\"valueRequired\":true,\"valueName\":\"search_term_string\"}}],\"inLanguage\":\"en-US\"},{\"@type\":\"Organization\",\"@id\":\"https:\\\/\\\/www.aijparis.com\\\/#organization\",\"name\":\"AIJ Auberge Internationale des Jeunes\",\"url\":\"https:\\\/\\\/www.aijparis.com\\\/\",\"logo\":{\"@type\":\"ImageObject\",\"inLanguage\":\"en-US\",\"@id\":\"https:\\\/\\\/www.aijparis.com\\\/#\\\/schema\\\/logo\\\/image\\\/\",\"url\":\"https:\\\/\\\/www.aijparis.com\\\/wp-content\\\/uploads\\\/2023\\\/10\\\/logo_picto.svg\",\"contentUrl\":\"https:\\\/\\\/www.aijparis.com\\\/wp-content\\\/uploads\\\/2023\\\/10\\\/logo_picto.svg\",\"width\":500,\"height\":500,\"caption\":\"AIJ Auberge Internationale des Jeunes\"},\"image\":{\"@id\":\"https:\\\/\\\/www.aijparis.com\\\/#\\\/schema\\\/logo\\\/image\\\/\"}}]}<\/script>\n<!-- \/ Yoast SEO plugin. -->","yoast_head_json":{"title":"Mentions l\u00e9gales - AIJ Auberge Internationale des Jeunes","robots":{"index":"index","follow":"follow","max-snippet":"max-snippet:-1","max-image-preview":"max-image-preview:large","max-video-preview":"max-video-preview:-1"},"canonical":"https:\/\/www.aijparis.com\/mentions-legales\/","og_locale":"en_US","og_type":"article","og_title":"Mentions l\u00e9gales - AIJ Auberge Internationale des Jeunes","og_description":"Disclaimers YOUTH HOSTEL IN PARIS CENTER AIJ10, rue Trousseau75011 Paris \u2013 France T\u00e9l : 01 48 05 06 06Fax : 01 47 00 33 16 Le site aijparis.com est \u00e9dit\u00e9 par la soci\u00e9t\u00e9 \u00ab\u00a0AUBERGE INTERNATIONALE DES JEUNES\u00a0\u00bb SARL enregistr\u00e9e au RCS de ParisN\u00b0 de siret : 45126021000013 Objet du site : Promotion de l\u2019\u00e9tablissement Directeur [&hellip;]","og_url":"https:\/\/www.aijparis.com\/mentions-legales\/","og_site_name":"AIJ Auberge Internationale des Jeunes","article_modified_time":"2025-06-02T08:08:10+00:00","twitter_card":"summary_large_image","twitter_misc":{"Est. reading time":"1 minute"},"schema":{"@context":"https:\/\/schema.org","@graph":[{"@type":"WebPage","@id":"https:\/\/www.aijparis.com\/mentions-legales\/","url":"https:\/\/www.aijparis.com\/mentions-legales\/","name":"Mentions l\u00e9gales - AIJ Auberge Internationale des Jeunes","isPartOf":{"@id":"https:\/\/www.aijparis.com\/#website"},"datePublished":"2014-04-18T10:05:03+00:00","dateModified":"2025-06-02T08:08:10+00:00","breadcrumb":{"@id":"https:\/\/www.aijparis.com\/mentions-legales\/#breadcrumb"},"inLanguage":"en-US","potentialAction":[{"@type":"ReadAction","target":["https:\/\/www.aijparis.com\/mentions-legales\/"]}]},{"@type":"BreadcrumbList","@id":"https:\/\/www.aijparis.com\/mentions-legales\/#breadcrumb","itemListElement":[{"@type":"ListItem","position":1,"name":"Accueil","item":"https:\/\/www.aijparis.com\/en\/"},{"@type":"ListItem","position":2,"name":"Mentions l\u00e9gales"}]},{"@type":"WebSite","@id":"https:\/\/www.aijparis.com\/#website","url":"https:\/\/www.aijparis.com\/","name":"AIJ Auberge Internationale des Jeunes","description":"","publisher":{"@id":"https:\/\/www.aijparis.com\/#organization"},"potentialAction":[{"@type":"SearchAction","target":{"@type":"EntryPoint","urlTemplate":"https:\/\/www.aijparis.com\/?s={search_term_string}"},"query-input":{"@type":"PropertyValueSpecification","valueRequired":true,"valueName":"search_term_string"}}],"inLanguage":"en-US"},{"@type":"Organization","@id":"https:\/\/www.aijparis.com\/#organization","name":"AIJ Auberge Internationale des Jeunes","url":"https:\/\/www.aijparis.com\/","logo":{"@type":"ImageObject","inLanguage":"en-US","@id":"https:\/\/www.aijparis.com\/#\/schema\/logo\/image\/","url":"https:\/\/www.aijparis.com\/wp-content\/uploads\/2023\/10\/logo_picto.svg","contentUrl":"https:\/\/www.aijparis.com\/wp-content\/uploads\/2023\/10\/logo_picto.svg","width":500,"height":500,"caption":"AIJ Auberge Internationale des Jeunes"},"image":{"@id":"https:\/\/www.aijparis.com\/#\/schema\/logo\/image\/"}}]}},"_links":{"self":[{"href":"https:\/\/www.aijparis.com\/en\/wp-json\/wp\/v2\/pages\/9638","targetHints":{"allow":["GET"]}}],"collection":[{"href":"https:\/\/www.aijparis.com\/en\/wp-json\/wp\/v2\/pages"}],"about":[{"href":"https:\/\/www.aijparis.com\/en\/wp-json\/wp\/v2\/types\/page"}],"author":[{"embeddable":true,"href":"https:\/\/www.aijparis.com\/en\/wp-json\/wp\/v2\/users\/5"}],"replies":[{"embeddable":true,"href":"https:\/\/www.aijparis.com\/en\/wp-json\/wp\/v2\/comments?post=9638"}],"version-history":[{"count":15,"href":"https:\/\/www.aijparis.com\/en\/wp-json\/wp\/v2\/pages\/9638\/revisions"}],"predecessor-version":[{"id":13352,"href":"https:\/\/www.aijparis.com\/en\/wp-json\/wp\/v2\/pages\/9638\/revisions\/13352"}],"wp:attachment":[{"href":"https:\/\/www.aijparis.com\/en\/wp-json\/wp\/v2\/media?parent=9638"}],"curies":[{"name":"wp","href":"https:\/\/api.w.org\/{rel}","templated":true}]}}