{"id":9827,"date":"2014-04-15T19:59:00","date_gmt":"2014-04-15T17:59:00","guid":{"rendered":"https:\/\/www.aijparis.com\/2024\/?page_id=9827"},"modified":"2023-12-07T10:27:44","modified_gmt":"2023-12-07T09:27:44","slug":"decouvrez-le-quartier-bastille","status":"publish","type":"page","link":"https:\/\/www.aijparis.com\/de\/decouvrez-le-quartier-bastille\/","title":{"rendered":"D\u00e9couvrez le quartier Bastille !"},"content":{"rendered":"\t\t<div data-elementor-type=\"wp-page\" data-elementor-id=\"9827\" class=\"elementor elementor-9827 elementor-743\" data-elementor-post-type=\"page\">\n\t\t\t\t<div class=\"elementor-element elementor-element-b96ae1c e-con-full e-flex e-con e-parent\" data-id=\"b96ae1c\" data-element_type=\"container\" data-e-type=\"container\" data-settings=\"{&quot;background_background&quot;:&quot;classic&quot;}\">\n\t\t<div class=\"elementor-element elementor-element-d6dcddf e-con-full e-flex e-con e-child\" data-id=\"d6dcddf\" data-element_type=\"container\" data-e-type=\"container\">\n\t\t\t\t<div class=\"elementor-element elementor-element-032bc27 elementor-widget elementor-widget-heading\" data-id=\"032bc27\" data-element_type=\"widget\" data-e-type=\"widget\" data-widget_type=\"heading.default\">\n\t\t\t\t<div class=\"elementor-widget-container\">\n\t\t\t\t\t<h1 class=\"elementor-heading-title elementor-size-default\">Genie\u00dfen Sie das angesagte Stadtviertel Bastille<\/h1>\t\t\t\t<\/div>\n\t\t\t\t<\/div>\n\t\t\t\t<div class=\"elementor-element elementor-element-2bc20cd elementor-widget elementor-widget-heading\" data-id=\"2bc20cd\" data-element_type=\"widget\" data-e-type=\"widget\" data-widget_type=\"heading.default\">\n\t\t\t\t<div class=\"elementor-widget-container\">\n\t\t\t\t\t<h2 class=\"elementor-heading-title elementor-size-default\"><a href=\"\">JUGENDHERBERGE IN PARIS<\/a><\/h2>\t\t\t\t<\/div>\n\t\t\t\t<\/div>\n\t\t\t\t<div class=\"elementor-element elementor-element-68f307b elementor-widget-divider--separator-type-pattern elementor-widget-divider--view-line elementor-widget elementor-widget-divider\" data-id=\"68f307b\" data-element_type=\"widget\" data-e-type=\"widget\" data-widget_type=\"divider.default\">\n\t\t\t\t<div class=\"elementor-widget-container\">\n\t\t\t\t\t\t\t<div class=\"elementor-divider\" style=\"--divider-pattern-url: url(&quot;data:image\/svg+xml,%3Csvg xmlns=&#039;http:\/\/www.w3.org\/2000\/svg&#039; preserveAspectRatio=&#039;none&#039; overflow=&#039;visible&#039; height=&#039;100%&#039; viewBox=&#039;0 0 20 16&#039; fill=&#039;none&#039; stroke=&#039;black&#039; stroke-width=&#039;1&#039; stroke-linecap=&#039;square&#039; stroke-miterlimit=&#039;10&#039;%3E%3Cg transform=&#039;translate(-12.000000, 0)&#039;%3E%3Cpath d=&#039;M28,0L10,18&#039;\/%3E%3Cpath d=&#039;M18,0L0,18&#039;\/%3E%3Cpath d=&#039;M48,0L30,18&#039;\/%3E%3Cpath d=&#039;M38,0L20,18&#039;\/%3E%3C\/g%3E%3C\/svg%3E&quot;);\">\n\t\t\t<span class=\"elementor-divider-separator\">\n\t\t\t\t\t\t<\/span>\n\t\t<\/div>\n\t\t\t\t\t\t<\/div>\n\t\t\t\t<\/div>\n\t\t\t\t<\/div>\n\t\t\t\t<\/div>\n\t\t<div class=\"elementor-element elementor-element-26789e7 e-con-full e-flex e-con e-parent\" data-id=\"26789e7\" data-element_type=\"container\" data-e-type=\"container\" data-settings=\"{&quot;background_background&quot;:&quot;classic&quot;}\">\n\t\t<div class=\"elementor-element elementor-element-53b9a14 e-con-full e-flex e-con e-child\" data-id=\"53b9a14\" data-element_type=\"container\" data-e-type=\"container\" data-settings=\"{&quot;background_background&quot;:&quot;classic&quot;}\">\n\t\t\t\t<div class=\"elementor-element elementor-element-e91d721 elementor-widget elementor-widget-heading\" data-id=\"e91d721\" data-element_type=\"widget\" data-e-type=\"widget\" data-widget_type=\"heading.default\">\n\t\t\t\t<div class=\"elementor-widget-container\">\n\t\t\t\t\t<h1 class=\"elementor-heading-title elementor-size-default\">Genie\u00dfen Sie das angesagte Stadtviertel Bastille<\/h1>\t\t\t\t<\/div>\n\t\t\t\t<\/div>\n\t\t\t\t<div class=\"elementor-element elementor-element-b2bc13f elementor-widget elementor-widget-heading\" data-id=\"b2bc13f\" data-element_type=\"widget\" data-e-type=\"widget\" data-widget_type=\"heading.default\">\n\t\t\t\t<div class=\"elementor-widget-container\">\n\t\t\t\t\t<h2 class=\"elementor-heading-title elementor-size-default\">Bastille STADTVIERTEL<\/h2>\t\t\t\t<\/div>\n\t\t\t\t<\/div>\n\t\t\t\t<div class=\"elementor-element elementor-element-ddfcafb elementor-widget elementor-widget-text-editor\" data-id=\"ddfcafb\" data-element_type=\"widget\" data-e-type=\"widget\" data-widget_type=\"text-editor.default\">\n\t\t\t\t<div class=\"elementor-widget-container\">\n\t\t\t\t\t\t\t\t\t<p>Dieses Stadtviertel ist eines der angesagtesten der ganzen Stadt. Mit seinen unz\u00e4hligen Bars, Diskos, Konzerts\u00e4len, etc.<br \/>Ohne Zweifel geh\u00f6rt Bastille zu der Ausgehmeile f\u00fcr Studenten \u2013 zu den hippsten Strassen geh\u00f6ren die zu jeder Tages- und Nachtzeit belebte Rue de Lappe, die Rue Charonne und die Rue de la Roquette.<\/p><p>Das Viertel hat vor allem in den 1980er Jahren stark zu gelegt, als die Op\u00e9ra Bastille gebaut wurde.<\/p><p>Und das urspr\u00fcngliche Pariser Leben pulsiert immer noch rundherum, mit den kleinen Handwerkern, Tischlereien und Kunsthandwerken, die seit jeher das Quartier besiedelt haben.<\/p>\t\t\t\t\t\t\t\t<\/div>\n\t\t\t\t<\/div>\n\t\t\t\t<\/div>\n\t\t<div class=\"elementor-element elementor-element-2c7d518 e-con-full e-flex e-con e-child\" data-id=\"2c7d518\" data-element_type=\"container\" data-e-type=\"container\" data-settings=\"{&quot;background_background&quot;:&quot;classic&quot;}\">\n\t\t<div class=\"elementor-element elementor-element-ed2e700 e-con-full e-flex elementor-invisible e-con e-child\" data-id=\"ed2e700\" data-element_type=\"container\" data-e-type=\"container\" data-settings=\"{&quot;background_background&quot;:&quot;classic&quot;,&quot;motion_fx_motion_fx_scrolling&quot;:&quot;yes&quot;,&quot;motion_fx_translateY_effect&quot;:&quot;yes&quot;,&quot;motion_fx_translateY_speed&quot;:{&quot;unit&quot;:&quot;px&quot;,&quot;size&quot;:6.2,&quot;sizes&quot;:[]},&quot;animation&quot;:&quot;fadeIn&quot;,&quot;motion_fx_translateY_affectedRange&quot;:{&quot;unit&quot;:&quot;%&quot;,&quot;size&quot;:&quot;&quot;,&quot;sizes&quot;:{&quot;start&quot;:0,&quot;end&quot;:100}},&quot;motion_fx_devices&quot;:[&quot;widescreen&quot;,&quot;desktop&quot;,&quot;laptop&quot;,&quot;tablet_extra&quot;,&quot;tablet&quot;,&quot;mobile_extra&quot;,&quot;mobile&quot;]}\">\n\t\t\t\t<\/div>\n\t\t\t\t<\/div>\n\t\t\t\t<\/div>\n\t\t<div class=\"elementor-element elementor-element-f1235ef e-con-full e-flex e-con e-parent\" data-id=\"f1235ef\" data-element_type=\"container\" data-e-type=\"container\" data-settings=\"{&quot;background_background&quot;:&quot;gradient&quot;,&quot;shape_divider_top&quot;:&quot;triangle-asymmetrical&quot;,&quot;shape_divider_bottom&quot;:&quot;tilt&quot;,&quot;motion_fx_motion_fx_scrolling&quot;:&quot;yes&quot;,&quot;motion_fx_translateY_effect&quot;:&quot;yes&quot;,&quot;motion_fx_translateY_speed&quot;:{&quot;unit&quot;:&quot;px&quot;,&quot;size&quot;:4,&quot;sizes&quot;:[]},&quot;motion_fx_translateY_affectedRange&quot;:{&quot;unit&quot;:&quot;%&quot;,&quot;size&quot;:&quot;&quot;,&quot;sizes&quot;:{&quot;start&quot;:0,&quot;end&quot;:100}},&quot;motion_fx_devices&quot;:[&quot;widescreen&quot;,&quot;desktop&quot;,&quot;laptop&quot;,&quot;tablet_extra&quot;,&quot;tablet&quot;,&quot;mobile_extra&quot;,&quot;mobile&quot;]}\">\n\t\t\t\t<div class=\"elementor-shape elementor-shape-top\" aria-hidden=\"true\" data-negative=\"false\">\n\t\t\t<svg xmlns=\"http:\/\/www.w3.org\/2000\/svg\" viewBox=\"0 0 1000 100\" preserveAspectRatio=\"none\">\n\t<path class=\"elementor-shape-fill\" d=\"M738,99l262-93V0H0v5.6L738,99z\"\/>\n<\/svg>\t\t<\/div>\n\t\t\t\t<div class=\"elementor-shape elementor-shape-bottom\" aria-hidden=\"true\" data-negative=\"false\">\n\t\t\t<svg xmlns=\"http:\/\/www.w3.org\/2000\/svg\" viewBox=\"0 0 1000 100\" preserveAspectRatio=\"none\">\n\t<path class=\"elementor-shape-fill\" d=\"M0,6V0h1000v100L0,6z\"\/>\n<\/svg>\t\t<\/div>\n\t\t<div class=\"elementor-element elementor-element-f339ed5 e-con-full e-flex e-con e-child\" data-id=\"f339ed5\" data-element_type=\"container\" data-e-type=\"container\">\n\t\t\t\t<div class=\"elementor-element elementor-element-8580995 elementor-headline--style-rotate elementor-widget elementor-widget-animated-headline\" data-id=\"8580995\" data-element_type=\"widget\" data-e-type=\"widget\" data-settings=\"{&quot;headline_style&quot;:&quot;rotate&quot;,&quot;animation_type&quot;:&quot;flip&quot;,&quot;rotating_text&quot;:&quot;viele Ihrer Lieblingsmarken&quot;,&quot;loop&quot;:&quot;yes&quot;,&quot;rotate_iteration_delay&quot;:2500}\" data-widget_type=\"animated-headline.default\">\n\t\t\t\t<div class=\"elementor-widget-container\">\n\t\t\t\t\t\t\t<h3 class=\"elementor-headline elementor-headline-animation-type-flip\">\n\t\t\t\t\t<span class=\"elementor-headline-plain-text elementor-headline-text-wrapper\">Im Bastille-Viertel finden Sie <\/br> <\/span>\n\t\t\t\t<span class=\"elementor-headline-dynamic-wrapper elementor-headline-text-wrapper\">\n\t\t\t\t\t<span class=\"elementor-headline-dynamic-text elementor-headline-text-active\">\n\t\t\t\tviele&nbsp;Ihrer&nbsp;Lieblingsmarken\t\t\t<\/span>\n\t\t\t\t\t\t<\/span>\n\t\t\t\t<\/h3>\n\t\t\t\t\t\t<\/div>\n\t\t\t\t<\/div>\n\t\t\t\t<div class=\"elementor-element elementor-element-de69e2c elementor-widget elementor-widget-text-editor\" data-id=\"de69e2c\" data-element_type=\"widget\" data-e-type=\"widget\" data-widget_type=\"text-editor.default\">\n\t\t\t\t<div class=\"elementor-widget-container\">\n\t\t\t\t\t\t\t\t\tStarbucks Coffee, Mc Donalds, Jeff de Bruges, Sushi Shop, Subway, NafNaf, Cahartt, kooka\u00ef, Lacoste, S\u00e9phora; Kicker\u2026\t\t\t\t\t\t\t\t<\/div>\n\t\t\t\t<\/div>\n\t\t\t\t<div class=\"elementor-element elementor-element-e986203 elementor-align-center elementor-widget elementor-widget-button\" data-id=\"e986203\" data-element_type=\"widget\" data-e-type=\"widget\" data-widget_type=\"button.default\">\n\t\t\t\t<div class=\"elementor-widget-container\">\n\t\t\t\t\t\t\t\t\t<div class=\"elementor-button-wrapper\">\n\t\t\t\t\t<a class=\"elementor-button elementor-button-link elementor-size-sm\" href=\"https:\/\/www.aijparis.com\/de\/stadtguide-paris\/stadtviertel-bastille\/\">\n\t\t\t\t\t\t<span class=\"elementor-button-content-wrapper\">\n\t\t\t\t\t\t<span class=\"elementor-button-icon\">\n\t\t\t\t<i aria-hidden=\"true\" class=\"fas fa-long-arrow-alt-right\"><\/i>\t\t\t<\/span>\n\t\t\t\t\t\t\t\t\t<span class=\"elementor-button-text\">Unsere besten Adressen an der Bastille<\/span>\n\t\t\t\t\t<\/span>\n\t\t\t\t\t<\/a>\n\t\t\t\t<\/div>\n\t\t\t\t\t\t\t\t<\/div>\n\t\t\t\t<\/div>\n\t\t<div class=\"elementor-element elementor-element-b4665fe e-con-full e-flex e-con e-child\" data-id=\"b4665fe\" data-element_type=\"container\" data-e-type=\"container\" data-settings=\"{&quot;background_background&quot;:&quot;classic&quot;}\">\n\t\t\t\t<div class=\"elementor-element elementor-element-1476608 elementor-widget elementor-widget-image\" data-id=\"1476608\" data-element_type=\"widget\" data-e-type=\"widget\" data-widget_type=\"image.default\">\n\t\t\t\t<div class=\"elementor-widget-container\">\n\t\t\t\t\t\t\t\t\t\t\t\t\t\t\t<img fetchpriority=\"high\" decoding=\"async\" width=\"957\" height=\"339\" src=\"https:\/\/www.aijparis.com\/wp-content\/uploads\/2023\/11\/carte-AIJ-commerces.jpg\" class=\"attachment-full size-full wp-image-8902\" alt=\"\" srcset=\"https:\/\/www.aijparis.com\/wp-content\/uploads\/2023\/11\/carte-AIJ-commerces.jpg 957w, https:\/\/www.aijparis.com\/wp-content\/uploads\/2023\/11\/carte-AIJ-commerces-300x106.jpg 300w, https:\/\/www.aijparis.com\/wp-content\/uploads\/2023\/11\/carte-AIJ-commerces-768x272.jpg 768w\" sizes=\"(max-width: 957px) 100vw, 957px\" \/>\t\t\t\t\t\t\t\t\t\t\t\t\t\t\t<\/div>\n\t\t\t\t<\/div>\n\t\t\t\t<\/div>\n\t\t\t\t<\/div>\n\t\t\t\t<\/div>\n\t\t\t\t<\/div>\n\t\t","protected":false},"excerpt":{"rendered":"<p>Genie\u00dfen Sie das angesagte Stadtviertel Bastille JUGENDHERBERGE IN PARIS Genie\u00dfen Sie das angesagte Stadtviertel Bastille Bastille STADTVIERTEL Dieses Stadtviertel ist eines der angesagtesten der ganzen Stadt. Mit seinen unz\u00e4hligen Bars, Diskos, Konzerts\u00e4len, etc.Ohne Zweifel geh\u00f6rt Bastille zu der Ausgehmeile f\u00fcr Studenten \u2013 zu den hippsten Strassen geh\u00f6ren die zu jeder Tages- und Nachtzeit belebte Rue [&hellip;]<\/p>\n","protected":false},"author":5,"featured_media":0,"parent":0,"menu_order":0,"comment_status":"closed","ping_status":"closed","template":"","meta":{"footnotes":""},"class_list":["post-9827","page","type-page","status-publish","hentry"],"yoast_head":"<!-- This site is optimized with the Yoast SEO plugin v27.4 - https:\/\/yoast.com\/product\/yoast-seo-wordpress\/ -->\n<title>D\u00e9couvrez le quartier Bastille ! - AIJ Auberge Internationale des Jeunes<\/title>\n<meta name=\"robots\" content=\"index, follow, max-snippet:-1, max-image-preview:large, max-video-preview:-1\" \/>\n<link rel=\"canonical\" href=\"https:\/\/www.aijparis.com\/de\/decouvrez-le-quartier-bastille\/\" \/>\n<meta property=\"og:locale\" content=\"de_DE\" \/>\n<meta property=\"og:type\" content=\"article\" \/>\n<meta property=\"og:title\" content=\"D\u00e9couvrez le quartier Bastille ! - AIJ Auberge Internationale des Jeunes\" \/>\n<meta property=\"og:description\" content=\"Genie\u00dfen Sie das angesagte Stadtviertel Bastille JUGENDHERBERGE IN PARIS Genie\u00dfen Sie das angesagte Stadtviertel Bastille Bastille STADTVIERTEL Dieses Stadtviertel ist eines der angesagtesten der ganzen Stadt. Mit seinen unz\u00e4hligen Bars, Diskos, Konzerts\u00e4len, etc.Ohne Zweifel geh\u00f6rt Bastille zu der Ausgehmeile f\u00fcr Studenten \u2013 zu den hippsten Strassen geh\u00f6ren die zu jeder Tages- und Nachtzeit belebte Rue [&hellip;]\" \/>\n<meta property=\"og:url\" content=\"https:\/\/www.aijparis.com\/de\/decouvrez-le-quartier-bastille\/\" \/>\n<meta property=\"og:site_name\" content=\"AIJ Auberge Internationale des Jeunes\" \/>\n<meta property=\"article:modified_time\" content=\"2023-12-07T09:27:44+00:00\" \/>\n<meta property=\"og:image\" content=\"https:\/\/www.aijparis.com\/2024\/wp-content\/uploads\/2023\/11\/carte-AIJ-commerces.jpg\" \/>\n<meta name=\"twitter:card\" content=\"summary_large_image\" \/>\n<meta name=\"twitter:label1\" content=\"Gesch\u00e4tzte Lesezeit\" \/>\n\t<meta name=\"twitter:data1\" content=\"1\u00a0Minute\" \/>\n<script type=\"application\/ld+json\" class=\"yoast-schema-graph\">{\"@context\":\"https:\\\/\\\/schema.org\",\"@graph\":[{\"@type\":\"WebPage\",\"@id\":\"https:\\\/\\\/www.aijparis.com\\\/de\\\/decouvrez-le-quartier-bastille\\\/\",\"url\":\"https:\\\/\\\/www.aijparis.com\\\/de\\\/decouvrez-le-quartier-bastille\\\/\",\"name\":\"D\u00e9couvrez le quartier Bastille ! - AIJ Auberge Internationale des Jeunes\",\"isPartOf\":{\"@id\":\"https:\\\/\\\/www.aijparis.com\\\/#website\"},\"primaryImageOfPage\":{\"@id\":\"https:\\\/\\\/www.aijparis.com\\\/de\\\/decouvrez-le-quartier-bastille\\\/#primaryimage\"},\"image\":{\"@id\":\"https:\\\/\\\/www.aijparis.com\\\/de\\\/decouvrez-le-quartier-bastille\\\/#primaryimage\"},\"thumbnailUrl\":\"https:\\\/\\\/www.aijparis.com\\\/2024\\\/wp-content\\\/uploads\\\/2023\\\/11\\\/carte-AIJ-commerces.jpg\",\"datePublished\":\"2014-04-15T17:59:00+00:00\",\"dateModified\":\"2023-12-07T09:27:44+00:00\",\"breadcrumb\":{\"@id\":\"https:\\\/\\\/www.aijparis.com\\\/de\\\/decouvrez-le-quartier-bastille\\\/#breadcrumb\"},\"inLanguage\":\"de\",\"potentialAction\":[{\"@type\":\"ReadAction\",\"target\":[\"https:\\\/\\\/www.aijparis.com\\\/de\\\/decouvrez-le-quartier-bastille\\\/\"]}]},{\"@type\":\"ImageObject\",\"inLanguage\":\"de\",\"@id\":\"https:\\\/\\\/www.aijparis.com\\\/de\\\/decouvrez-le-quartier-bastille\\\/#primaryimage\",\"url\":\"https:\\\/\\\/www.aijparis.com\\\/2024\\\/wp-content\\\/uploads\\\/2023\\\/11\\\/carte-AIJ-commerces.jpg\",\"contentUrl\":\"https:\\\/\\\/www.aijparis.com\\\/2024\\\/wp-content\\\/uploads\\\/2023\\\/11\\\/carte-AIJ-commerces.jpg\"},{\"@type\":\"BreadcrumbList\",\"@id\":\"https:\\\/\\\/www.aijparis.com\\\/de\\\/decouvrez-le-quartier-bastille\\\/#breadcrumb\",\"itemListElement\":[{\"@type\":\"ListItem\",\"position\":1,\"name\":\"Accueil\",\"item\":\"https:\\\/\\\/www.aijparis.com\\\/en\\\/\"},{\"@type\":\"ListItem\",\"position\":2,\"name\":\"D\u00e9couvrez le quartier Bastille !\"}]},{\"@type\":\"WebSite\",\"@id\":\"https:\\\/\\\/www.aijparis.com\\\/#website\",\"url\":\"https:\\\/\\\/www.aijparis.com\\\/\",\"name\":\"AIJ Auberge Internationale des Jeunes\",\"description\":\"\",\"publisher\":{\"@id\":\"https:\\\/\\\/www.aijparis.com\\\/#organization\"},\"potentialAction\":[{\"@type\":\"SearchAction\",\"target\":{\"@type\":\"EntryPoint\",\"urlTemplate\":\"https:\\\/\\\/www.aijparis.com\\\/?s={search_term_string}\"},\"query-input\":{\"@type\":\"PropertyValueSpecification\",\"valueRequired\":true,\"valueName\":\"search_term_string\"}}],\"inLanguage\":\"de\"},{\"@type\":\"Organization\",\"@id\":\"https:\\\/\\\/www.aijparis.com\\\/#organization\",\"name\":\"AIJ Auberge Internationale des Jeunes\",\"url\":\"https:\\\/\\\/www.aijparis.com\\\/\",\"logo\":{\"@type\":\"ImageObject\",\"inLanguage\":\"de\",\"@id\":\"https:\\\/\\\/www.aijparis.com\\\/#\\\/schema\\\/logo\\\/image\\\/\",\"url\":\"https:\\\/\\\/www.aijparis.com\\\/wp-content\\\/uploads\\\/2023\\\/10\\\/logo_picto.svg\",\"contentUrl\":\"https:\\\/\\\/www.aijparis.com\\\/wp-content\\\/uploads\\\/2023\\\/10\\\/logo_picto.svg\",\"width\":500,\"height\":500,\"caption\":\"AIJ Auberge Internationale des Jeunes\"},\"image\":{\"@id\":\"https:\\\/\\\/www.aijparis.com\\\/#\\\/schema\\\/logo\\\/image\\\/\"}}]}<\/script>\n<!-- \/ Yoast SEO plugin. -->","yoast_head_json":{"title":"D\u00e9couvrez le quartier Bastille ! - AIJ Auberge Internationale des Jeunes","robots":{"index":"index","follow":"follow","max-snippet":"max-snippet:-1","max-image-preview":"max-image-preview:large","max-video-preview":"max-video-preview:-1"},"canonical":"https:\/\/www.aijparis.com\/de\/decouvrez-le-quartier-bastille\/","og_locale":"de_DE","og_type":"article","og_title":"D\u00e9couvrez le quartier Bastille ! - AIJ Auberge Internationale des Jeunes","og_description":"Genie\u00dfen Sie das angesagte Stadtviertel Bastille JUGENDHERBERGE IN PARIS Genie\u00dfen Sie das angesagte Stadtviertel Bastille Bastille STADTVIERTEL Dieses Stadtviertel ist eines der angesagtesten der ganzen Stadt. Mit seinen unz\u00e4hligen Bars, Diskos, Konzerts\u00e4len, etc.Ohne Zweifel geh\u00f6rt Bastille zu der Ausgehmeile f\u00fcr Studenten \u2013 zu den hippsten Strassen geh\u00f6ren die zu jeder Tages- und Nachtzeit belebte Rue [&hellip;]","og_url":"https:\/\/www.aijparis.com\/de\/decouvrez-le-quartier-bastille\/","og_site_name":"AIJ Auberge Internationale des Jeunes","article_modified_time":"2023-12-07T09:27:44+00:00","og_image":[{"url":"https:\/\/www.aijparis.com\/2024\/wp-content\/uploads\/2023\/11\/carte-AIJ-commerces.jpg","type":"","width":"","height":""}],"twitter_card":"summary_large_image","twitter_misc":{"Gesch\u00e4tzte Lesezeit":"1\u00a0Minute"},"schema":{"@context":"https:\/\/schema.org","@graph":[{"@type":"WebPage","@id":"https:\/\/www.aijparis.com\/de\/decouvrez-le-quartier-bastille\/","url":"https:\/\/www.aijparis.com\/de\/decouvrez-le-quartier-bastille\/","name":"D\u00e9couvrez le quartier Bastille ! - AIJ Auberge Internationale des Jeunes","isPartOf":{"@id":"https:\/\/www.aijparis.com\/#website"},"primaryImageOfPage":{"@id":"https:\/\/www.aijparis.com\/de\/decouvrez-le-quartier-bastille\/#primaryimage"},"image":{"@id":"https:\/\/www.aijparis.com\/de\/decouvrez-le-quartier-bastille\/#primaryimage"},"thumbnailUrl":"https:\/\/www.aijparis.com\/2024\/wp-content\/uploads\/2023\/11\/carte-AIJ-commerces.jpg","datePublished":"2014-04-15T17:59:00+00:00","dateModified":"2023-12-07T09:27:44+00:00","breadcrumb":{"@id":"https:\/\/www.aijparis.com\/de\/decouvrez-le-quartier-bastille\/#breadcrumb"},"inLanguage":"de","potentialAction":[{"@type":"ReadAction","target":["https:\/\/www.aijparis.com\/de\/decouvrez-le-quartier-bastille\/"]}]},{"@type":"ImageObject","inLanguage":"de","@id":"https:\/\/www.aijparis.com\/de\/decouvrez-le-quartier-bastille\/#primaryimage","url":"https:\/\/www.aijparis.com\/2024\/wp-content\/uploads\/2023\/11\/carte-AIJ-commerces.jpg","contentUrl":"https:\/\/www.aijparis.com\/2024\/wp-content\/uploads\/2023\/11\/carte-AIJ-commerces.jpg"},{"@type":"BreadcrumbList","@id":"https:\/\/www.aijparis.com\/de\/decouvrez-le-quartier-bastille\/#breadcrumb","itemListElement":[{"@type":"ListItem","position":1,"name":"Accueil","item":"https:\/\/www.aijparis.com\/en\/"},{"@type":"ListItem","position":2,"name":"D\u00e9couvrez le quartier Bastille !"}]},{"@type":"WebSite","@id":"https:\/\/www.aijparis.com\/#website","url":"https:\/\/www.aijparis.com\/","name":"AIJ Auberge Internationale des Jeunes","description":"","publisher":{"@id":"https:\/\/www.aijparis.com\/#organization"},"potentialAction":[{"@type":"SearchAction","target":{"@type":"EntryPoint","urlTemplate":"https:\/\/www.aijparis.com\/?s={search_term_string}"},"query-input":{"@type":"PropertyValueSpecification","valueRequired":true,"valueName":"search_term_string"}}],"inLanguage":"de"},{"@type":"Organization","@id":"https:\/\/www.aijparis.com\/#organization","name":"AIJ Auberge Internationale des Jeunes","url":"https:\/\/www.aijparis.com\/","logo":{"@type":"ImageObject","inLanguage":"de","@id":"https:\/\/www.aijparis.com\/#\/schema\/logo\/image\/","url":"https:\/\/www.aijparis.com\/wp-content\/uploads\/2023\/10\/logo_picto.svg","contentUrl":"https:\/\/www.aijparis.com\/wp-content\/uploads\/2023\/10\/logo_picto.svg","width":500,"height":500,"caption":"AIJ Auberge Internationale des Jeunes"},"image":{"@id":"https:\/\/www.aijparis.com\/#\/schema\/logo\/image\/"}}]}},"_links":{"self":[{"href":"https:\/\/www.aijparis.com\/de\/wp-json\/wp\/v2\/pages\/9827","targetHints":{"allow":["GET"]}}],"collection":[{"href":"https:\/\/www.aijparis.com\/de\/wp-json\/wp\/v2\/pages"}],"about":[{"href":"https:\/\/www.aijparis.com\/de\/wp-json\/wp\/v2\/types\/page"}],"author":[{"embeddable":true,"href":"https:\/\/www.aijparis.com\/de\/wp-json\/wp\/v2\/users\/5"}],"replies":[{"embeddable":true,"href":"https:\/\/www.aijparis.com\/de\/wp-json\/wp\/v2\/comments?post=9827"}],"version-history":[{"count":12,"href":"https:\/\/www.aijparis.com\/de\/wp-json\/wp\/v2\/pages\/9827\/revisions"}],"predecessor-version":[{"id":12254,"href":"https:\/\/www.aijparis.com\/de\/wp-json\/wp\/v2\/pages\/9827\/revisions\/12254"}],"wp:attachment":[{"href":"https:\/\/www.aijparis.com\/de\/wp-json\/wp\/v2\/media?parent=9827"}],"curies":[{"name":"wp","href":"https:\/\/api.w.org\/{rel}","templated":true}]}}