{"id":3825,"date":"2022-09-19T16:09:22","date_gmt":"2022-09-19T15:09:22","guid":{"rendered":"https:\/\/www.aijparis.com\/?page_id=3825"},"modified":"2023-12-07T10:30:05","modified_gmt":"2023-12-07T09:30:05","slug":"oder-schlafen-sie-guenstig-in-paris","status":"publish","type":"page","link":"https:\/\/www.aijparis.com\/de\/oder-schlafen-sie-guenstig-in-paris\/","title":{"rendered":"Oder schlafen Sie g\u00fcnstig in Paris."},"content":{"rendered":"\t\t<div data-elementor-type=\"wp-page\" data-elementor-id=\"3825\" class=\"elementor elementor-3825\" data-elementor-post-type=\"page\">\n\t\t\t\t<div class=\"elementor-element elementor-element-cddf355 e-con-full e-flex e-con e-parent\" data-id=\"cddf355\" data-element_type=\"container\" data-e-type=\"container\" data-settings=\"{&quot;background_background&quot;:&quot;classic&quot;}\">\n\t\t<div class=\"elementor-element elementor-element-fe4c52f e-con-full e-flex e-con e-child\" data-id=\"fe4c52f\" data-element_type=\"container\" data-e-type=\"container\" data-settings=\"{&quot;background_background&quot;:&quot;classic&quot;}\">\n\t\t\t\t<div class=\"elementor-element elementor-element-3804e02a elementor-widget elementor-widget-text-editor\" data-id=\"3804e02a\" data-element_type=\"widget\" data-e-type=\"widget\" data-widget_type=\"text-editor.default\">\n\t\t\t\t<div class=\"elementor-widget-container\">\n\t\t\t\t\t\t\t\t\t<h1>Ooder schlafen Sie g\u00fcnstig in Paris.<\/h1><p>Jugendherbergen sind eine gro\u00dfartige M\u00f6glichkeit, <strong><a href=\"https:\/\/www.aijparis.com\/fr\/tarifs-auberge-jeunesse-pas-cher-paris\/\">g\u00fcnstig in Paris zu \u00fcbernachten<\/a> <\/strong>. Sie bieten Unterk\u00fcnfte im Schlafsaalstil und eine gemeinsame Umgebung mit anderen Reisenden. Die meisten Reisenden m\u00f6gen Hostels, weil sie g\u00fcnstig und praktisch sind. Viele Reisende \u00fcbernachten monatelang in Hostels, wenn sie durch verschiedene L\u00e4nder reisen. Es gibt viele <a href=\"https:\/\/www.aijparis.com\/fr\/acces-auberge-intenationale-des-jeunes-paris\/\">gut gelegene Jugendherbergen in Paris<\/a> wie <a href=\"https:\/\/www.aijparis.com\/fr\/\">AIJParis<\/a> und <a href=\"https:\/\/www.bastillehostel.com\/fr\/auberge-de-jeunesse-paris\/\"> Bastillehotel <\/a> was Ihnen einen unvergesslichen Aufenthalt erm\u00f6glicht!<\/p><h3>AijParis f\u00fcr einen g\u00fcnstigen Aufenthalt<\/h3><p>Die meisten Hostels bieten Mehrbettzimmer zu g\u00fcnstigen Preisen an. Schlafs\u00e4le sind ziemlich billig, aber private Zimmer sind immer noch ziemlich erschwinglich. Aijparis bietet Ihnen g\u00fcnstige Aufenthalte w\u00e4hrend der Hochsaison. In den Nebensaisonmonaten von Oktober bis Mai berechnen Hostels im Allgemeinen niedrigere Preise. Dies ist auf eine niedrigere Auslastung und niedrigere Mietkosten zur\u00fcckzuf\u00fchren. Es ist auch m\u00f6glich, Hostels zu finden, die Studenten zu einem erm\u00e4\u00dfigten Preis aufnehmen. Dies ist besonders n\u00fctzlich f\u00fcr j\u00fcngere Reisende, die nach einem erm\u00e4\u00dfigten Tarif suchen. Letztendlich sind die Hostelpreise viel niedriger als in normalen Hotels und Motels.<\/p><p>AijParis sind eine ausgezeichnete Unterkunftsoption. Die meisten Reisenden w\u00e4hlen Hostels gegen\u00fcber Hotels, weil sie nicht f\u00fcr teure M\u00f6bel und Dienstleistungen bezahlen m\u00f6chten. Stattdessen genie\u00dfen sie die Freiheit, mit anderen Reisenden in Schlafs\u00e4len zu \u00fcbernachten. Hostels bieten eine niedrige Eintrittsbarriere f\u00fcr neue Reisende, die eine Kultur erleben m\u00f6chten, ohne Geld auszugeben. Oft macht es den Leuten so viel Spa\u00df, neue G\u00e4ste aufzunehmen, dass sie ihre Hosteletagen gar nicht mehr verlassen wollen. Dies f\u00f6rdert eine Atmosph\u00e4re echter Kameradschaft unter den Kunden.<\/p><h3>Sozialtourismus<\/h3><p>Hostels bieten auch g\u00fcnstige Preise, um mit anderen Reisenden Kontakte zu kn\u00fcpfen. Die G\u00e4ste treffen sich jeden Morgen in den Gemeinschaftsr\u00e4umen der Hostels zum Fr\u00fchst\u00fcck. Danach versammeln sich die Leute in den Fluren, um sich zu unterhalten oder durch Paris zu spazieren. Das gemeinsame Essen ermutigt die G\u00e4ste, sich besser kennenzulernen, indem sie Reiseerfahrungen und Geschichten austauschen. All diese Geselligkeit erm\u00f6glicht es Menschen aus der ganzen Welt, sich zu verbinden und Interessen zu teilen.<\/p><p>Wenn Sie nach einer g\u00fcnstigen \u00dcbernachtungsm\u00f6glichkeit in Paris suchen, ist das International Youth Hostel eine gro\u00dfartige Option f\u00fcr preisbewusste Reisende und Erstbesucher. Mit einigen der niedrigsten Preise \u201eab 13 \u20ac pro Nacht\u201c und einer freundlichen Umgebung hei\u00dft Sie AijParis mit gro\u00dfer Freude willkommen. Unser Hostel hilft Ihnen auch dabei, Ihre Reise zu beginnen, indem es Ihnen einfachen Zugang zu Zielen\/Attraktionen Ihrer Wahl anbietet oder Sie dorthin f\u00fchrt. Egal, ob Sie Paris oder eine andere Stadt besuchen, es ist immer ein Hostel verf\u00fcgbar!<\/p>\t\t\t\t\t\t\t\t<\/div>\n\t\t\t\t<\/div>\n\t\t\t\t<\/div>\n\t\t\t\t<\/div>\n\t\t\t\t<\/div>\n\t\t","protected":false},"excerpt":{"rendered":"<p>Ooder schlafen Sie g\u00fcnstig in Paris. Jugendherbergen sind eine gro\u00dfartige M\u00f6glichkeit, g\u00fcnstig in Paris zu \u00fcbernachten . Sie bieten Unterk\u00fcnfte im Schlafsaalstil und eine gemeinsame Umgebung mit anderen Reisenden. Die meisten Reisenden m\u00f6gen Hostels, weil sie g\u00fcnstig und praktisch sind. Viele Reisende \u00fcbernachten monatelang in Hostels, wenn sie durch verschiedene L\u00e4nder reisen. Es gibt viele [&hellip;]<\/p>\n","protected":false},"author":1,"featured_media":0,"parent":0,"menu_order":0,"comment_status":"closed","ping_status":"closed","template":"","meta":{"footnotes":""},"class_list":["post-3825","page","type-page","status-publish","hentry"],"yoast_head":"<!-- This site is optimized with the Yoast SEO plugin v27.4 - https:\/\/yoast.com\/product\/yoast-seo-wordpress\/ -->\n<title>Oder schlafen Sie g\u00fcnstig in Paris. - AIJ Auberge Internationale des Jeunes<\/title>\n<meta name=\"description\" content=\"Jugendherbergen sind eine gro\u00dfartige M\u00f6glichkeit, g\u00fcnstig in Paris zu \u00fcbernachten . Sie bieten Unterk\u00fcnfte im Schlafsaalstil und eine...\" \/>\n<meta name=\"robots\" content=\"index, follow, max-snippet:-1, max-image-preview:large, max-video-preview:-1\" \/>\n<link rel=\"canonical\" href=\"https:\/\/www.aijparis.com\/de\/oder-schlafen-sie-guenstig-in-paris\/\" \/>\n<meta property=\"og:locale\" content=\"de_DE\" \/>\n<meta property=\"og:type\" content=\"article\" \/>\n<meta property=\"og:title\" content=\"Oder schlafen Sie g\u00fcnstig in Paris. - AIJ Auberge Internationale des Jeunes\" \/>\n<meta property=\"og:description\" content=\"Jugendherbergen sind eine gro\u00dfartige M\u00f6glichkeit, g\u00fcnstig in Paris zu \u00fcbernachten . Sie bieten Unterk\u00fcnfte im Schlafsaalstil und eine...\" \/>\n<meta property=\"og:url\" content=\"https:\/\/www.aijparis.com\/de\/oder-schlafen-sie-guenstig-in-paris\/\" \/>\n<meta property=\"og:site_name\" content=\"AIJ Auberge Internationale des Jeunes\" \/>\n<meta property=\"article:modified_time\" content=\"2023-12-07T09:30:05+00:00\" \/>\n<meta name=\"twitter:card\" content=\"summary_large_image\" \/>\n<meta name=\"twitter:label1\" content=\"Gesch\u00e4tzte Lesezeit\" \/>\n\t<meta name=\"twitter:data1\" content=\"2\u00a0Minuten\" \/>\n<script type=\"application\/ld+json\" class=\"yoast-schema-graph\">{\"@context\":\"https:\\\/\\\/schema.org\",\"@graph\":[{\"@type\":\"WebPage\",\"@id\":\"https:\\\/\\\/www.aijparis.com\\\/de\\\/oder-schlafen-sie-guenstig-in-paris\\\/\",\"url\":\"https:\\\/\\\/www.aijparis.com\\\/de\\\/oder-schlafen-sie-guenstig-in-paris\\\/\",\"name\":\"Oder schlafen Sie g\u00fcnstig in Paris. - AIJ Auberge Internationale des Jeunes\",\"isPartOf\":{\"@id\":\"https:\\\/\\\/www.aijparis.com\\\/#website\"},\"datePublished\":\"2022-09-19T15:09:22+00:00\",\"dateModified\":\"2023-12-07T09:30:05+00:00\",\"description\":\"Jugendherbergen sind eine gro\u00dfartige M\u00f6glichkeit, g\u00fcnstig in Paris zu \u00fcbernachten . Sie bieten Unterk\u00fcnfte im Schlafsaalstil und eine...\",\"breadcrumb\":{\"@id\":\"https:\\\/\\\/www.aijparis.com\\\/de\\\/oder-schlafen-sie-guenstig-in-paris\\\/#breadcrumb\"},\"inLanguage\":\"de\",\"potentialAction\":[{\"@type\":\"ReadAction\",\"target\":[\"https:\\\/\\\/www.aijparis.com\\\/de\\\/oder-schlafen-sie-guenstig-in-paris\\\/\"]}]},{\"@type\":\"BreadcrumbList\",\"@id\":\"https:\\\/\\\/www.aijparis.com\\\/de\\\/oder-schlafen-sie-guenstig-in-paris\\\/#breadcrumb\",\"itemListElement\":[{\"@type\":\"ListItem\",\"position\":1,\"name\":\"Accueil\",\"item\":\"https:\\\/\\\/www.aijparis.com\\\/en\\\/\"},{\"@type\":\"ListItem\",\"position\":2,\"name\":\"Oder schlafen Sie g\u00fcnstig in Paris.\"}]},{\"@type\":\"WebSite\",\"@id\":\"https:\\\/\\\/www.aijparis.com\\\/#website\",\"url\":\"https:\\\/\\\/www.aijparis.com\\\/\",\"name\":\"AIJ Auberge Internationale des Jeunes\",\"description\":\"\",\"publisher\":{\"@id\":\"https:\\\/\\\/www.aijparis.com\\\/#organization\"},\"potentialAction\":[{\"@type\":\"SearchAction\",\"target\":{\"@type\":\"EntryPoint\",\"urlTemplate\":\"https:\\\/\\\/www.aijparis.com\\\/?s={search_term_string}\"},\"query-input\":{\"@type\":\"PropertyValueSpecification\",\"valueRequired\":true,\"valueName\":\"search_term_string\"}}],\"inLanguage\":\"de\"},{\"@type\":\"Organization\",\"@id\":\"https:\\\/\\\/www.aijparis.com\\\/#organization\",\"name\":\"AIJ Auberge Internationale des Jeunes\",\"url\":\"https:\\\/\\\/www.aijparis.com\\\/\",\"logo\":{\"@type\":\"ImageObject\",\"inLanguage\":\"de\",\"@id\":\"https:\\\/\\\/www.aijparis.com\\\/#\\\/schema\\\/logo\\\/image\\\/\",\"url\":\"https:\\\/\\\/www.aijparis.com\\\/wp-content\\\/uploads\\\/2023\\\/10\\\/logo_picto.svg\",\"contentUrl\":\"https:\\\/\\\/www.aijparis.com\\\/wp-content\\\/uploads\\\/2023\\\/10\\\/logo_picto.svg\",\"width\":500,\"height\":500,\"caption\":\"AIJ Auberge Internationale des Jeunes\"},\"image\":{\"@id\":\"https:\\\/\\\/www.aijparis.com\\\/#\\\/schema\\\/logo\\\/image\\\/\"}}]}<\/script>\n<!-- \/ Yoast SEO plugin. -->","yoast_head_json":{"title":"Oder schlafen Sie g\u00fcnstig in Paris. - AIJ Auberge Internationale des Jeunes","description":"Jugendherbergen sind eine gro\u00dfartige M\u00f6glichkeit, g\u00fcnstig in Paris zu \u00fcbernachten . Sie bieten Unterk\u00fcnfte im Schlafsaalstil und eine...","robots":{"index":"index","follow":"follow","max-snippet":"max-snippet:-1","max-image-preview":"max-image-preview:large","max-video-preview":"max-video-preview:-1"},"canonical":"https:\/\/www.aijparis.com\/de\/oder-schlafen-sie-guenstig-in-paris\/","og_locale":"de_DE","og_type":"article","og_title":"Oder schlafen Sie g\u00fcnstig in Paris. - AIJ Auberge Internationale des Jeunes","og_description":"Jugendherbergen sind eine gro\u00dfartige M\u00f6glichkeit, g\u00fcnstig in Paris zu \u00fcbernachten . Sie bieten Unterk\u00fcnfte im Schlafsaalstil und eine...","og_url":"https:\/\/www.aijparis.com\/de\/oder-schlafen-sie-guenstig-in-paris\/","og_site_name":"AIJ Auberge Internationale des Jeunes","article_modified_time":"2023-12-07T09:30:05+00:00","twitter_card":"summary_large_image","twitter_misc":{"Gesch\u00e4tzte Lesezeit":"2\u00a0Minuten"},"schema":{"@context":"https:\/\/schema.org","@graph":[{"@type":"WebPage","@id":"https:\/\/www.aijparis.com\/de\/oder-schlafen-sie-guenstig-in-paris\/","url":"https:\/\/www.aijparis.com\/de\/oder-schlafen-sie-guenstig-in-paris\/","name":"Oder schlafen Sie g\u00fcnstig in Paris. - AIJ Auberge Internationale des Jeunes","isPartOf":{"@id":"https:\/\/www.aijparis.com\/#website"},"datePublished":"2022-09-19T15:09:22+00:00","dateModified":"2023-12-07T09:30:05+00:00","description":"Jugendherbergen sind eine gro\u00dfartige M\u00f6glichkeit, g\u00fcnstig in Paris zu \u00fcbernachten . Sie bieten Unterk\u00fcnfte im Schlafsaalstil und eine...","breadcrumb":{"@id":"https:\/\/www.aijparis.com\/de\/oder-schlafen-sie-guenstig-in-paris\/#breadcrumb"},"inLanguage":"de","potentialAction":[{"@type":"ReadAction","target":["https:\/\/www.aijparis.com\/de\/oder-schlafen-sie-guenstig-in-paris\/"]}]},{"@type":"BreadcrumbList","@id":"https:\/\/www.aijparis.com\/de\/oder-schlafen-sie-guenstig-in-paris\/#breadcrumb","itemListElement":[{"@type":"ListItem","position":1,"name":"Accueil","item":"https:\/\/www.aijparis.com\/en\/"},{"@type":"ListItem","position":2,"name":"Oder schlafen Sie g\u00fcnstig in Paris."}]},{"@type":"WebSite","@id":"https:\/\/www.aijparis.com\/#website","url":"https:\/\/www.aijparis.com\/","name":"AIJ Auberge Internationale des Jeunes","description":"","publisher":{"@id":"https:\/\/www.aijparis.com\/#organization"},"potentialAction":[{"@type":"SearchAction","target":{"@type":"EntryPoint","urlTemplate":"https:\/\/www.aijparis.com\/?s={search_term_string}"},"query-input":{"@type":"PropertyValueSpecification","valueRequired":true,"valueName":"search_term_string"}}],"inLanguage":"de"},{"@type":"Organization","@id":"https:\/\/www.aijparis.com\/#organization","name":"AIJ Auberge Internationale des Jeunes","url":"https:\/\/www.aijparis.com\/","logo":{"@type":"ImageObject","inLanguage":"de","@id":"https:\/\/www.aijparis.com\/#\/schema\/logo\/image\/","url":"https:\/\/www.aijparis.com\/wp-content\/uploads\/2023\/10\/logo_picto.svg","contentUrl":"https:\/\/www.aijparis.com\/wp-content\/uploads\/2023\/10\/logo_picto.svg","width":500,"height":500,"caption":"AIJ Auberge Internationale des Jeunes"},"image":{"@id":"https:\/\/www.aijparis.com\/#\/schema\/logo\/image\/"}}]}},"_links":{"self":[{"href":"https:\/\/www.aijparis.com\/de\/wp-json\/wp\/v2\/pages\/3825","targetHints":{"allow":["GET"]}}],"collection":[{"href":"https:\/\/www.aijparis.com\/de\/wp-json\/wp\/v2\/pages"}],"about":[{"href":"https:\/\/www.aijparis.com\/de\/wp-json\/wp\/v2\/types\/page"}],"author":[{"embeddable":true,"href":"https:\/\/www.aijparis.com\/de\/wp-json\/wp\/v2\/users\/1"}],"replies":[{"embeddable":true,"href":"https:\/\/www.aijparis.com\/de\/wp-json\/wp\/v2\/comments?post=3825"}],"version-history":[{"count":7,"href":"https:\/\/www.aijparis.com\/de\/wp-json\/wp\/v2\/pages\/3825\/revisions"}],"predecessor-version":[{"id":12267,"href":"https:\/\/www.aijparis.com\/de\/wp-json\/wp\/v2\/pages\/3825\/revisions\/12267"}],"wp:attachment":[{"href":"https:\/\/www.aijparis.com\/de\/wp-json\/wp\/v2\/media?parent=3825"}],"curies":[{"name":"wp","href":"https:\/\/api.w.org\/{rel}","templated":true}]}}