{"id":1543,"date":"2014-04-23T11:08:15","date_gmt":"2014-04-23T10:08:15","guid":{"rendered":"http:\/\/aij.machine-a-web.com\/unser-angebot\/safe\/"},"modified":"2025-06-02T11:33:07","modified_gmt":"2025-06-02T09:33:07","slug":"sicherheit","status":"publish","type":"page","link":"https:\/\/www.aijparis.com\/de\/leistungen\/sicherheit\/","title":{"rendered":"Sicherheit"},"content":{"rendered":"\t\t<div data-elementor-type=\"wp-page\" data-elementor-id=\"1543\" class=\"elementor elementor-1543\" data-elementor-post-type=\"page\">\n\t\t\t\t<div class=\"elementor-element elementor-element-f6f820a e-con-full e-flex e-con e-parent\" data-id=\"f6f820a\" data-element_type=\"container\" data-e-type=\"container\" data-settings=\"{&quot;background_background&quot;:&quot;classic&quot;}\">\n\t\t<div class=\"elementor-element elementor-element-75af423 e-con-full e-flex e-con e-child\" data-id=\"75af423\" data-element_type=\"container\" data-e-type=\"container\">\n\t\t\t\t<div class=\"elementor-element elementor-element-1aa1f1c elementor-widget elementor-widget-heading\" data-id=\"1aa1f1c\" data-element_type=\"widget\" data-e-type=\"widget\" data-widget_type=\"heading.default\">\n\t\t\t\t<div class=\"elementor-widget-container\">\n\t\t\t\t\t<h1 class=\"elementor-heading-title elementor-size-default\">Sicherheit<\/h1>\t\t\t\t<\/div>\n\t\t\t\t<\/div>\n\t\t\t\t<div class=\"elementor-element elementor-element-3dd8a1a elementor-widget elementor-widget-heading\" data-id=\"3dd8a1a\" data-element_type=\"widget\" data-e-type=\"widget\" data-widget_type=\"heading.default\">\n\t\t\t\t<div class=\"elementor-widget-container\">\n\t\t\t\t\t<h2 class=\"elementor-heading-title elementor-size-default\"><a href=\"\">JUGENDHERBERGE IN PARIS<\/a><\/h2>\t\t\t\t<\/div>\n\t\t\t\t<\/div>\n\t\t\t\t<div class=\"elementor-element elementor-element-45f8dad elementor-widget-divider--separator-type-pattern elementor-widget-divider--view-line elementor-widget elementor-widget-divider\" data-id=\"45f8dad\" data-element_type=\"widget\" data-e-type=\"widget\" data-widget_type=\"divider.default\">\n\t\t\t\t<div class=\"elementor-widget-container\">\n\t\t\t\t\t\t\t<div class=\"elementor-divider\" style=\"--divider-pattern-url: url(&quot;data:image\/svg+xml,%3Csvg xmlns=&#039;http:\/\/www.w3.org\/2000\/svg&#039; preserveAspectRatio=&#039;none&#039; overflow=&#039;visible&#039; height=&#039;100%&#039; viewBox=&#039;0 0 20 16&#039; fill=&#039;none&#039; stroke=&#039;black&#039; stroke-width=&#039;1&#039; stroke-linecap=&#039;square&#039; stroke-miterlimit=&#039;10&#039;%3E%3Cg transform=&#039;translate(-12.000000, 0)&#039;%3E%3Cpath d=&#039;M28,0L10,18&#039;\/%3E%3Cpath d=&#039;M18,0L0,18&#039;\/%3E%3Cpath d=&#039;M48,0L30,18&#039;\/%3E%3Cpath d=&#039;M38,0L20,18&#039;\/%3E%3C\/g%3E%3C\/svg%3E&quot;);\">\n\t\t\t<span class=\"elementor-divider-separator\">\n\t\t\t\t\t\t<\/span>\n\t\t<\/div>\n\t\t\t\t\t\t<\/div>\n\t\t\t\t<\/div>\n\t\t\t\t<\/div>\n\t\t\t\t<\/div>\n\t\t<div class=\"elementor-element elementor-element-6211420 e-con-full e-flex e-con e-parent\" data-id=\"6211420\" data-element_type=\"container\" data-e-type=\"container\" data-settings=\"{&quot;background_background&quot;:&quot;classic&quot;}\">\n\t\t<div class=\"elementor-element elementor-element-0f916b5 e-con-full e-flex e-con e-child\" data-id=\"0f916b5\" data-element_type=\"container\" data-e-type=\"container\" data-settings=\"{&quot;background_background&quot;:&quot;classic&quot;}\">\n\t\t\t\t<div class=\"elementor-element elementor-element-a9c9641 elementor-widget elementor-widget-heading\" data-id=\"a9c9641\" data-element_type=\"widget\" data-e-type=\"widget\" data-widget_type=\"heading.default\">\n\t\t\t\t<div class=\"elementor-widget-container\">\n\t\t\t\t\t<h3 class=\"elementor-heading-title elementor-size-default\">Sicherheit<\/h3>\t\t\t\t<\/div>\n\t\t\t\t<\/div>\n\t\t\t\t<div class=\"elementor-element elementor-element-5557d73 elementor-widget elementor-widget-heading\" data-id=\"5557d73\" data-element_type=\"widget\" data-e-type=\"widget\" data-widget_type=\"heading.default\">\n\t\t\t\t<div class=\"elementor-widget-container\">\n\t\t\t\t\t<h4 class=\"elementor-heading-title elementor-size-default\">Bastille Viertel<\/h4>\t\t\t\t<\/div>\n\t\t\t\t<\/div>\n\t\t\t\t<div class=\"elementor-element elementor-element-b6ea3ec elementor-widget elementor-widget-text-editor\" data-id=\"b6ea3ec\" data-element_type=\"widget\" data-e-type=\"widget\" data-widget_type=\"text-editor.default\">\n\t\t\t\t<div class=\"elementor-widget-container\">\n\t\t\t\t\t\t\t\t\t<p>Genie\u00dfen Sie Paris, ohne sich \u00fcber Ihre Wertgegenst\u00e4nde Sorgen machen zu m\u00fcssen. Benutzen Sie gratis unsere Safes w\u00e4hrend Ihres gesamten Aufenthalts.<br \/><br \/><strong> Der Preis ist im Zimmerpreis mitinbegriffen.Ihre Abreise ist erst abends?<\/strong><br \/><br \/>Keine Sorge! Machen Sie sich Ihren letzten Tag nicht kaputt, indem Sie Ihr Gep\u00e4ck durch die ganze Stadt schleifen. Unser gro\u00dfer Gep\u00e4ckaufbewahrungsraum steht Ihnen w\u00e4hrend der An- und Abreise zu Verf\u00fcgung.<\/p>\t\t\t\t\t\t\t\t<\/div>\n\t\t\t\t<\/div>\n\t\t\t\t<\/div>\n\t\t<div class=\"elementor-element elementor-element-bcfa989 e-con-full e-flex e-con e-child\" data-id=\"bcfa989\" data-element_type=\"container\" data-e-type=\"container\" data-settings=\"{&quot;background_background&quot;:&quot;classic&quot;}\">\n\t\t<div class=\"elementor-element elementor-element-1d3a480 e-con-full e-flex elementor-invisible e-con e-child\" data-id=\"1d3a480\" data-element_type=\"container\" data-e-type=\"container\" data-settings=\"{&quot;background_background&quot;:&quot;classic&quot;,&quot;motion_fx_motion_fx_scrolling&quot;:&quot;yes&quot;,&quot;motion_fx_translateY_effect&quot;:&quot;yes&quot;,&quot;motion_fx_translateY_speed&quot;:{&quot;unit&quot;:&quot;px&quot;,&quot;size&quot;:6.2,&quot;sizes&quot;:[]},&quot;animation&quot;:&quot;fadeIn&quot;,&quot;motion_fx_translateY_affectedRange&quot;:{&quot;unit&quot;:&quot;%&quot;,&quot;size&quot;:&quot;&quot;,&quot;sizes&quot;:{&quot;start&quot;:0,&quot;end&quot;:100}},&quot;motion_fx_devices&quot;:[&quot;widescreen&quot;,&quot;desktop&quot;,&quot;laptop&quot;,&quot;tablet_extra&quot;,&quot;tablet&quot;,&quot;mobile_extra&quot;,&quot;mobile&quot;]}\">\n\t\t\t\t<div class=\"elementor-element elementor-element-8cdbfe0 elementor-arrows-position-inside elementor-pagination-position-outside elementor-widget elementor-widget-image-carousel\" data-id=\"8cdbfe0\" data-element_type=\"widget\" data-e-type=\"widget\" data-settings=\"{&quot;slides_to_show&quot;:&quot;1&quot;,&quot;navigation&quot;:&quot;both&quot;,&quot;autoplay&quot;:&quot;yes&quot;,&quot;pause_on_hover&quot;:&quot;yes&quot;,&quot;pause_on_interaction&quot;:&quot;yes&quot;,&quot;autoplay_speed&quot;:5000,&quot;infinite&quot;:&quot;yes&quot;,&quot;effect&quot;:&quot;slide&quot;,&quot;speed&quot;:500}\" data-widget_type=\"image-carousel.default\">\n\t\t\t\t<div class=\"elementor-widget-container\">\n\t\t\t\t\t\t\t<div class=\"elementor-image-carousel-wrapper swiper\" role=\"region\" aria-roledescription=\"carousel\" aria-label=\"Carrousel d\u2019images\" dir=\"ltr\">\n\t\t\t<div class=\"elementor-image-carousel swiper-wrapper\" aria-live=\"off\">\n\t\t\t\t\t\t\t\t<div class=\"swiper-slide\" role=\"group\" aria-roledescription=\"slide\" aria-label=\"1 von 4\"><figure class=\"swiper-slide-inner\"><img decoding=\"async\" class=\"swiper-slide-image\" src=\"https:\/\/www.aijparis.com\/wp-content\/uploads\/2023\/11\/securite_coffre-1.jpg\" alt=\"securite_coffre.jpg\" \/><\/figure><\/div><div class=\"swiper-slide\" role=\"group\" aria-roledescription=\"slide\" aria-label=\"2 von 4\"><figure class=\"swiper-slide-inner\"><img decoding=\"async\" class=\"swiper-slide-image\" src=\"https:\/\/www.aijparis.com\/wp-content\/uploads\/2023\/11\/visites-paris-vutheara-1.jpg\" alt=\"visites-paris-vutheara.jpg\" \/><\/figure><\/div><div class=\"swiper-slide\" role=\"group\" aria-roledescription=\"slide\" aria-label=\"3 von 4\"><figure class=\"swiper-slide-inner\"><img decoding=\"async\" class=\"swiper-slide-image\" src=\"https:\/\/www.aijparis.com\/wp-content\/uploads\/2023\/11\/AIJ-paris-43-1.jpg\" alt=\"AIJ-paris-43-1.jpg\" \/><\/figure><\/div><div class=\"swiper-slide\" role=\"group\" aria-roledescription=\"slide\" aria-label=\"4 von 4\"><figure class=\"swiper-slide-inner\"><img decoding=\"async\" class=\"swiper-slide-image\" src=\"https:\/\/www.aijparis.com\/wp-content\/uploads\/2023\/11\/AIJ-paris-38-1.jpg\" alt=\"AIJ-paris-38-1.jpg\" \/><\/figure><\/div>\t\t\t<\/div>\n\t\t\t\t\t\t\t\t\t\t\t\t<div class=\"elementor-swiper-button elementor-swiper-button-prev\" role=\"button\" tabindex=\"0\">\n\t\t\t\t\t\t<i aria-hidden=\"true\" class=\"eicon-chevron-left\"><\/i>\t\t\t\t\t<\/div>\n\t\t\t\t\t<div class=\"elementor-swiper-button elementor-swiper-button-next\" role=\"button\" tabindex=\"0\">\n\t\t\t\t\t\t<i aria-hidden=\"true\" class=\"eicon-chevron-right\"><\/i>\t\t\t\t\t<\/div>\n\t\t\t\t\n\t\t\t\t\t\t\t\t\t<div class=\"swiper-pagination\"><\/div>\n\t\t\t\t\t\t\t\t\t<\/div>\n\t\t\t\t\t\t<\/div>\n\t\t\t\t<\/div>\n\t\t\t\t<\/div>\n\t\t\t\t<\/div>\n\t\t\t\t<\/div>\n\t\t\t\t<\/div>\n\t\t","protected":false},"excerpt":{"rendered":"<p>Sicherheit JUGENDHERBERGE IN PARIS Sicherheit Bastille Viertel Genie\u00dfen Sie Paris, ohne sich \u00fcber Ihre Wertgegenst\u00e4nde Sorgen machen zu m\u00fcssen. Benutzen Sie gratis unsere Safes w\u00e4hrend Ihres gesamten Aufenthalts. Der Preis ist im Zimmerpreis mitinbegriffen.Ihre Abreise ist erst abends? Keine Sorge! Machen Sie sich Ihren letzten Tag nicht kaputt, indem Sie Ihr Gep\u00e4ck durch die ganze [&hellip;]<\/p>\n","protected":false},"author":1,"featured_media":0,"parent":125,"menu_order":0,"comment_status":"closed","ping_status":"closed","template":"","meta":{"footnotes":""},"class_list":["post-1543","page","type-page","status-publish","hentry"],"yoast_head":"<!-- This site is optimized with the Yoast SEO plugin v27.4 - https:\/\/yoast.com\/product\/yoast-seo-wordpress\/ -->\n<title>Sicherheit - AIJ Auberge Internationale des Jeunes<\/title>\n<meta name=\"robots\" content=\"index, follow, max-snippet:-1, max-image-preview:large, max-video-preview:-1\" \/>\n<link rel=\"canonical\" href=\"https:\/\/www.aijparis.com\/en\/features-cheap-youth-hostel-paris\/safe\/\" \/>\n<meta property=\"og:locale\" content=\"de_DE\" \/>\n<meta property=\"og:type\" content=\"article\" \/>\n<meta property=\"og:title\" content=\"Sicherheit - AIJ Auberge Internationale des Jeunes\" \/>\n<meta property=\"og:description\" content=\"Sicherheit JUGENDHERBERGE IN PARIS Sicherheit Bastille Viertel Genie\u00dfen Sie Paris, ohne sich \u00fcber Ihre Wertgegenst\u00e4nde Sorgen machen zu m\u00fcssen. Benutzen Sie gratis unsere Safes w\u00e4hrend Ihres gesamten Aufenthalts. Der Preis ist im Zimmerpreis mitinbegriffen.Ihre Abreise ist erst abends? Keine Sorge! Machen Sie sich Ihren letzten Tag nicht kaputt, indem Sie Ihr Gep\u00e4ck durch die ganze [&hellip;]\" \/>\n<meta property=\"og:url\" content=\"https:\/\/www.aijparis.com\/en\/features-cheap-youth-hostel-paris\/safe\/\" \/>\n<meta property=\"og:site_name\" content=\"AIJ Auberge Internationale des Jeunes\" \/>\n<meta property=\"article:modified_time\" content=\"2025-06-02T09:33:07+00:00\" \/>\n<meta property=\"og:image\" content=\"https:\/\/www.aijparis.com\/wp-content\/uploads\/2023\/11\/securite_coffre-1.jpg\" \/>\n<meta name=\"twitter:card\" content=\"summary_large_image\" \/>\n<meta name=\"twitter:label1\" content=\"Gesch\u00e4tzte Lesezeit\" \/>\n\t<meta name=\"twitter:data1\" content=\"2\u00a0Minuten\" \/>\n<script type=\"application\/ld+json\" class=\"yoast-schema-graph\">{\"@context\":\"https:\\\/\\\/schema.org\",\"@graph\":[{\"@type\":\"WebPage\",\"@id\":\"https:\\\/\\\/www.aijparis.com\\\/en\\\/features-cheap-youth-hostel-paris\\\/safe\\\/\",\"url\":\"https:\\\/\\\/www.aijparis.com\\\/en\\\/features-cheap-youth-hostel-paris\\\/safe\\\/\",\"name\":\"Sicherheit - AIJ Auberge Internationale des Jeunes\",\"isPartOf\":{\"@id\":\"https:\\\/\\\/www.aijparis.com\\\/#website\"},\"primaryImageOfPage\":{\"@id\":\"https:\\\/\\\/www.aijparis.com\\\/en\\\/features-cheap-youth-hostel-paris\\\/safe\\\/#primaryimage\"},\"image\":{\"@id\":\"https:\\\/\\\/www.aijparis.com\\\/en\\\/features-cheap-youth-hostel-paris\\\/safe\\\/#primaryimage\"},\"thumbnailUrl\":\"https:\\\/\\\/www.aijparis.com\\\/wp-content\\\/uploads\\\/2023\\\/11\\\/securite_coffre-1.jpg\",\"datePublished\":\"2014-04-23T10:08:15+00:00\",\"dateModified\":\"2025-06-02T09:33:07+00:00\",\"breadcrumb\":{\"@id\":\"https:\\\/\\\/www.aijparis.com\\\/en\\\/features-cheap-youth-hostel-paris\\\/safe\\\/#breadcrumb\"},\"inLanguage\":\"de\",\"potentialAction\":[{\"@type\":\"ReadAction\",\"target\":[\"https:\\\/\\\/www.aijparis.com\\\/en\\\/features-cheap-youth-hostel-paris\\\/safe\\\/\"]}]},{\"@type\":\"ImageObject\",\"inLanguage\":\"de\",\"@id\":\"https:\\\/\\\/www.aijparis.com\\\/en\\\/features-cheap-youth-hostel-paris\\\/safe\\\/#primaryimage\",\"url\":\"https:\\\/\\\/www.aijparis.com\\\/wp-content\\\/uploads\\\/2023\\\/11\\\/securite_coffre-1.jpg\",\"contentUrl\":\"https:\\\/\\\/www.aijparis.com\\\/wp-content\\\/uploads\\\/2023\\\/11\\\/securite_coffre-1.jpg\"},{\"@type\":\"BreadcrumbList\",\"@id\":\"https:\\\/\\\/www.aijparis.com\\\/en\\\/features-cheap-youth-hostel-paris\\\/safe\\\/#breadcrumb\",\"itemListElement\":[{\"@type\":\"ListItem\",\"position\":1,\"name\":\"Accueil\",\"item\":\"https:\\\/\\\/www.aijparis.com\\\/en\\\/\"},{\"@type\":\"ListItem\",\"position\":2,\"name\":\"Leistungen\",\"item\":\"https:\\\/\\\/www.aijparis.com\\\/prestations-auberge-de-jeunesse-paris\\\/\"},{\"@type\":\"ListItem\",\"position\":3,\"name\":\"Sicherheit\"}]},{\"@type\":\"WebSite\",\"@id\":\"https:\\\/\\\/www.aijparis.com\\\/#website\",\"url\":\"https:\\\/\\\/www.aijparis.com\\\/\",\"name\":\"AIJ Auberge Internationale des Jeunes\",\"description\":\"\",\"publisher\":{\"@id\":\"https:\\\/\\\/www.aijparis.com\\\/#organization\"},\"potentialAction\":[{\"@type\":\"SearchAction\",\"target\":{\"@type\":\"EntryPoint\",\"urlTemplate\":\"https:\\\/\\\/www.aijparis.com\\\/?s={search_term_string}\"},\"query-input\":{\"@type\":\"PropertyValueSpecification\",\"valueRequired\":true,\"valueName\":\"search_term_string\"}}],\"inLanguage\":\"de\"},{\"@type\":\"Organization\",\"@id\":\"https:\\\/\\\/www.aijparis.com\\\/#organization\",\"name\":\"AIJ Auberge Internationale des Jeunes\",\"url\":\"https:\\\/\\\/www.aijparis.com\\\/\",\"logo\":{\"@type\":\"ImageObject\",\"inLanguage\":\"de\",\"@id\":\"https:\\\/\\\/www.aijparis.com\\\/#\\\/schema\\\/logo\\\/image\\\/\",\"url\":\"https:\\\/\\\/www.aijparis.com\\\/wp-content\\\/uploads\\\/2023\\\/10\\\/logo_picto.svg\",\"contentUrl\":\"https:\\\/\\\/www.aijparis.com\\\/wp-content\\\/uploads\\\/2023\\\/10\\\/logo_picto.svg\",\"width\":500,\"height\":500,\"caption\":\"AIJ Auberge Internationale des Jeunes\"},\"image\":{\"@id\":\"https:\\\/\\\/www.aijparis.com\\\/#\\\/schema\\\/logo\\\/image\\\/\"}}]}<\/script>\n<!-- \/ Yoast SEO plugin. -->","yoast_head_json":{"title":"Sicherheit - AIJ Auberge Internationale des Jeunes","robots":{"index":"index","follow":"follow","max-snippet":"max-snippet:-1","max-image-preview":"max-image-preview:large","max-video-preview":"max-video-preview:-1"},"canonical":"https:\/\/www.aijparis.com\/en\/features-cheap-youth-hostel-paris\/safe\/","og_locale":"de_DE","og_type":"article","og_title":"Sicherheit - AIJ Auberge Internationale des Jeunes","og_description":"Sicherheit JUGENDHERBERGE IN PARIS Sicherheit Bastille Viertel Genie\u00dfen Sie Paris, ohne sich \u00fcber Ihre Wertgegenst\u00e4nde Sorgen machen zu m\u00fcssen. Benutzen Sie gratis unsere Safes w\u00e4hrend Ihres gesamten Aufenthalts. Der Preis ist im Zimmerpreis mitinbegriffen.Ihre Abreise ist erst abends? Keine Sorge! Machen Sie sich Ihren letzten Tag nicht kaputt, indem Sie Ihr Gep\u00e4ck durch die ganze [&hellip;]","og_url":"https:\/\/www.aijparis.com\/en\/features-cheap-youth-hostel-paris\/safe\/","og_site_name":"AIJ Auberge Internationale des Jeunes","article_modified_time":"2025-06-02T09:33:07+00:00","og_image":[{"url":"https:\/\/www.aijparis.com\/wp-content\/uploads\/2023\/11\/securite_coffre-1.jpg","type":"","width":"","height":""}],"twitter_card":"summary_large_image","twitter_misc":{"Gesch\u00e4tzte Lesezeit":"2\u00a0Minuten"},"schema":{"@context":"https:\/\/schema.org","@graph":[{"@type":"WebPage","@id":"https:\/\/www.aijparis.com\/en\/features-cheap-youth-hostel-paris\/safe\/","url":"https:\/\/www.aijparis.com\/en\/features-cheap-youth-hostel-paris\/safe\/","name":"Sicherheit - AIJ Auberge Internationale des Jeunes","isPartOf":{"@id":"https:\/\/www.aijparis.com\/#website"},"primaryImageOfPage":{"@id":"https:\/\/www.aijparis.com\/en\/features-cheap-youth-hostel-paris\/safe\/#primaryimage"},"image":{"@id":"https:\/\/www.aijparis.com\/en\/features-cheap-youth-hostel-paris\/safe\/#primaryimage"},"thumbnailUrl":"https:\/\/www.aijparis.com\/wp-content\/uploads\/2023\/11\/securite_coffre-1.jpg","datePublished":"2014-04-23T10:08:15+00:00","dateModified":"2025-06-02T09:33:07+00:00","breadcrumb":{"@id":"https:\/\/www.aijparis.com\/en\/features-cheap-youth-hostel-paris\/safe\/#breadcrumb"},"inLanguage":"de","potentialAction":[{"@type":"ReadAction","target":["https:\/\/www.aijparis.com\/en\/features-cheap-youth-hostel-paris\/safe\/"]}]},{"@type":"ImageObject","inLanguage":"de","@id":"https:\/\/www.aijparis.com\/en\/features-cheap-youth-hostel-paris\/safe\/#primaryimage","url":"https:\/\/www.aijparis.com\/wp-content\/uploads\/2023\/11\/securite_coffre-1.jpg","contentUrl":"https:\/\/www.aijparis.com\/wp-content\/uploads\/2023\/11\/securite_coffre-1.jpg"},{"@type":"BreadcrumbList","@id":"https:\/\/www.aijparis.com\/en\/features-cheap-youth-hostel-paris\/safe\/#breadcrumb","itemListElement":[{"@type":"ListItem","position":1,"name":"Accueil","item":"https:\/\/www.aijparis.com\/en\/"},{"@type":"ListItem","position":2,"name":"Leistungen","item":"https:\/\/www.aijparis.com\/prestations-auberge-de-jeunesse-paris\/"},{"@type":"ListItem","position":3,"name":"Sicherheit"}]},{"@type":"WebSite","@id":"https:\/\/www.aijparis.com\/#website","url":"https:\/\/www.aijparis.com\/","name":"AIJ Auberge Internationale des Jeunes","description":"","publisher":{"@id":"https:\/\/www.aijparis.com\/#organization"},"potentialAction":[{"@type":"SearchAction","target":{"@type":"EntryPoint","urlTemplate":"https:\/\/www.aijparis.com\/?s={search_term_string}"},"query-input":{"@type":"PropertyValueSpecification","valueRequired":true,"valueName":"search_term_string"}}],"inLanguage":"de"},{"@type":"Organization","@id":"https:\/\/www.aijparis.com\/#organization","name":"AIJ Auberge Internationale des Jeunes","url":"https:\/\/www.aijparis.com\/","logo":{"@type":"ImageObject","inLanguage":"de","@id":"https:\/\/www.aijparis.com\/#\/schema\/logo\/image\/","url":"https:\/\/www.aijparis.com\/wp-content\/uploads\/2023\/10\/logo_picto.svg","contentUrl":"https:\/\/www.aijparis.com\/wp-content\/uploads\/2023\/10\/logo_picto.svg","width":500,"height":500,"caption":"AIJ Auberge Internationale des Jeunes"},"image":{"@id":"https:\/\/www.aijparis.com\/#\/schema\/logo\/image\/"}}]}},"_links":{"self":[{"href":"https:\/\/www.aijparis.com\/de\/wp-json\/wp\/v2\/pages\/1543","targetHints":{"allow":["GET"]}}],"collection":[{"href":"https:\/\/www.aijparis.com\/de\/wp-json\/wp\/v2\/pages"}],"about":[{"href":"https:\/\/www.aijparis.com\/de\/wp-json\/wp\/v2\/types\/page"}],"author":[{"embeddable":true,"href":"https:\/\/www.aijparis.com\/de\/wp-json\/wp\/v2\/users\/1"}],"replies":[{"embeddable":true,"href":"https:\/\/www.aijparis.com\/de\/wp-json\/wp\/v2\/comments?post=1543"}],"version-history":[{"count":16,"href":"https:\/\/www.aijparis.com\/de\/wp-json\/wp\/v2\/pages\/1543\/revisions"}],"predecessor-version":[{"id":13499,"href":"https:\/\/www.aijparis.com\/de\/wp-json\/wp\/v2\/pages\/1543\/revisions\/13499"}],"up":[{"embeddable":true,"href":"https:\/\/www.aijparis.com\/de\/wp-json\/wp\/v2\/pages\/125"}],"wp:attachment":[{"href":"https:\/\/www.aijparis.com\/de\/wp-json\/wp\/v2\/media?parent=1543"}],"curies":[{"name":"wp","href":"https:\/\/api.w.org\/{rel}","templated":true}]}}